{"id":535,"date":"2022-11-24T05:46:54","date_gmt":"2022-11-24T04:46:54","guid":{"rendered":"http:\/\/www.freedom-mu.com\/?page_id=535"},"modified":"2022-11-25T06:04:25","modified_gmt":"2022-11-25T05:04:25","slug":"fr-home-start","status":"publish","type":"page","link":"https:\/\/www.freedom-mu.com\/index.php\/fr\/fr-home-start\/","title":{"rendered":"FR-Home-START"},"content":{"rendered":"\t\t<div data-elementor-type=\"wp-page\" data-elementor-id=\"535\" class=\"elementor elementor-535\" data-elementor-post-type=\"page\">\n\t\t\t\t\t\t<section class=\"elementor-section elementor-top-section elementor-element elementor-element-1039b24 elementor-section-boxed elementor-section-height-default elementor-section-height-default\" data-id=\"1039b24\" data-element_type=\"section\">\n\t\t\t\t\t\t<div class=\"elementor-container elementor-column-gap-default\">\n\t\t\t\t\t<div class=\"elementor-column elementor-col-100 elementor-top-column elementor-element elementor-element-fb775f4\" data-id=\"fb775f4\" data-element_type=\"column\">\n\t\t\t<div class=\"elementor-widget-wrap\">\n\t\t\t\t\t\t\t<\/div>\n\t\t<\/div>\n\t\t\t\t\t<\/div>\n\t\t<\/section>\n\t\t\t\t<section class=\"elementor-section elementor-top-section elementor-element elementor-element-ab96c2d elementor-section-boxed elementor-section-height-default elementor-section-height-default\" data-id=\"ab96c2d\" data-element_type=\"section\" data-settings=\"{&quot;background_background&quot;:&quot;classic&quot;}\">\n\t\t\t\t\t\t<div class=\"elementor-container elementor-column-gap-default\">\n\t\t\t\t\t<div class=\"elementor-column elementor-col-66 elementor-top-column elementor-element elementor-element-ea576bd\" data-id=\"ea576bd\" data-element_type=\"column\">\n\t\t\t<div class=\"elementor-widget-wrap elementor-element-populated\">\n\t\t\t\t\t\t<div class=\"elementor-element elementor-element-aad1184 elementor-widget elementor-widget-image\" data-id=\"aad1184\" data-element_type=\"widget\" data-widget_type=\"image.default\">\n\t\t\t\t<div class=\"elementor-widget-container\">\n\t\t\t\t\t\t\t\t\t\t\t\t\t\t\t<img fetchpriority=\"high\" decoding=\"async\" width=\"800\" height=\"350\" src=\"https:\/\/www.freedom-mu.com\/wp-content\/uploads\/2022\/11\/SLIDER-Home-START-1024x448.jpg\" class=\"attachment-large size-large wp-image-519\" alt=\"Femme senior sereine gr\u00e2ce \u00e0 son bracelet d&#039;alarme\" srcset=\"https:\/\/www.freedom-mu.com\/wp-content\/uploads\/2022\/11\/SLIDER-Home-START-1024x448.jpg 1024w, https:\/\/www.freedom-mu.com\/wp-content\/uploads\/2022\/11\/SLIDER-Home-START-300x131.jpg 300w, https:\/\/www.freedom-mu.com\/wp-content\/uploads\/2022\/11\/SLIDER-Home-START-768x336.jpg 768w, https:\/\/www.freedom-mu.com\/wp-content\/uploads\/2022\/11\/SLIDER-Home-START-1536x672.jpg 1536w, https:\/\/www.freedom-mu.com\/wp-content\/uploads\/2022\/11\/SLIDER-Home-START.jpg 1600w\" sizes=\"(max-width: 800px) 100vw, 800px\" \/>\t\t\t\t\t\t\t\t\t\t\t\t\t\t\t<\/div>\n\t\t\t\t<\/div>\n\t\t\t\t\t<\/div>\n\t\t<\/div>\n\t\t\t\t<div class=\"elementor-column elementor-col-33 elementor-top-column elementor-element elementor-element-9b59af9\" data-id=\"9b59af9\" data-element_type=\"column\">\n\t\t\t<div class=\"elementor-widget-wrap elementor-element-populated\">\n\t\t\t\t\t\t<div class=\"elementor-element elementor-element-3b04b72 elementor-widget elementor-widget-spacer\" data-id=\"3b04b72\" data-element_type=\"widget\" data-widget_type=\"spacer.default\">\n\t\t\t\t<div class=\"elementor-widget-container\">\n\t\t\t\t\t\t\t<div class=\"elementor-spacer\">\n\t\t\t<div class=\"elementor-spacer-inner\"><\/div>\n\t\t<\/div>\n\t\t\t\t\t\t<\/div>\n\t\t\t\t<\/div>\n\t\t\t\t<div class=\"elementor-element elementor-element-fcca54d elementor-widget elementor-widget-text-editor\" data-id=\"fcca54d\" data-element_type=\"widget\" data-widget_type=\"text-editor.default\">\n\t\t\t\t<div class=\"elementor-widget-container\">\n\t\t\t\t\t\t\t\t\t<h2>Le syst\u00e8me d&#8217;alerte classique avec un bouton d&#8217;alarme<\/h2>\t\t\t\t\t\t\t\t<\/div>\n\t\t\t\t<\/div>\n\t\t\t\t\t<\/div>\n\t\t<\/div>\n\t\t\t\t\t<\/div>\n\t\t<\/section>\n\t\t\t\t<section class=\"elementor-section elementor-top-section elementor-element elementor-element-5abfb3f elementor-section-boxed elementor-section-height-default elementor-section-height-default\" data-id=\"5abfb3f\" data-element_type=\"section\">\n\t\t\t\t\t\t<div class=\"elementor-container elementor-column-gap-default\">\n\t\t\t\t\t<div class=\"elementor-column elementor-col-50 elementor-top-column elementor-element elementor-element-714cd39\" data-id=\"714cd39\" data-element_type=\"column\">\n\t\t\t<div class=\"elementor-widget-wrap elementor-element-populated\">\n\t\t\t\t\t\t<div class=\"elementor-element elementor-element-90fe314 elementor-widget elementor-widget-image\" data-id=\"90fe314\" data-element_type=\"widget\" data-widget_type=\"image.default\">\n\t\t\t\t<div class=\"elementor-widget-container\">\n\t\t\t\t\t\t\t\t\t\t\t\t\t\t\t<img decoding=\"async\" width=\"200\" height=\"80\" src=\"https:\/\/www.freedom-mu.com\/wp-content\/uploads\/2022\/11\/R-Freedom-Home.jpg\" class=\"attachment-large size-large wp-image-221\" alt=\"Services freedom home for seniors&#039;security\" \/>\t\t\t\t\t\t\t\t\t\t\t\t\t\t\t<\/div>\n\t\t\t\t<\/div>\n\t\t\t\t<div class=\"elementor-element elementor-element-5fbe48a elementor-widget elementor-widget-text-editor\" data-id=\"5fbe48a\" data-element_type=\"widget\" data-widget_type=\"text-editor.default\">\n\t\t\t\t<div class=\"elementor-widget-container\">\n\t\t\t\t\t\t\t\t\t<ul><li><strong>S\u00e9curit\u00e9 24h\/24<\/strong> \u00e0 domicile\u00a0 avec bouton d&#8217;alarme<br \/><br \/><\/li><li>Alerte des proches ou de la centrale d&#8217;appel d&#8217;urgence<br \/><br \/><\/li><li><strong>Bracelet d&#8217;alarme<br \/><br \/><\/strong><\/li><li><strong>Application mobile gratuite<\/strong> pour \u00e9changer avec la centrale d&#8217;urgence et pr\u00e9venir vos proches<\/li><\/ul>\t\t\t\t\t\t\t\t<\/div>\n\t\t\t\t<\/div>\n\t\t\t\t<div class=\"elementor-element elementor-element-c5f306e elementor-widget elementor-widget-image\" data-id=\"c5f306e\" data-element_type=\"widget\" data-widget_type=\"image.default\">\n\t\t\t\t<div class=\"elementor-widget-container\">\n\t\t\t\t\t\t\t\t\t\t\t\t\t\t\t<img decoding=\"async\" width=\"400\" height=\"50\" src=\"https:\/\/www.freedom-mu.com\/wp-content\/uploads\/2022\/11\/Prix-799.jpg\" class=\"attachment-large size-large wp-image-528\" alt=\"\" srcset=\"https:\/\/www.freedom-mu.com\/wp-content\/uploads\/2022\/11\/Prix-799.jpg 400w, https:\/\/www.freedom-mu.com\/wp-content\/uploads\/2022\/11\/Prix-799-300x38.jpg 300w\" sizes=\"(max-width: 400px) 100vw, 400px\" \/>\t\t\t\t\t\t\t\t\t\t\t\t\t\t\t<\/div>\n\t\t\t\t<\/div>\n\t\t\t\t\t<\/div>\n\t\t<\/div>\n\t\t\t\t<div class=\"elementor-column elementor-col-50 elementor-top-column elementor-element elementor-element-7116105\" data-id=\"7116105\" data-element_type=\"column\">\n\t\t\t<div class=\"elementor-widget-wrap elementor-element-populated\">\n\t\t\t\t\t\t<div class=\"elementor-element elementor-element-0521eb0 elementor-widget elementor-widget-image\" data-id=\"0521eb0\" data-element_type=\"widget\" data-widget_type=\"image.default\">\n\t\t\t\t<div class=\"elementor-widget-container\">\n\t\t\t\t\t\t\t\t\t\t\t\t\t\t\t<img loading=\"lazy\" decoding=\"async\" width=\"600\" height=\"400\" src=\"https:\/\/www.freedom-mu.com\/wp-content\/uploads\/2022\/11\/Home-Kit-Start-600x400-1.jpg\" class=\"attachment-large size-large wp-image-521\" alt=\"Home start, the classical alert system\" srcset=\"https:\/\/www.freedom-mu.com\/wp-content\/uploads\/2022\/11\/Home-Kit-Start-600x400-1.jpg 600w, https:\/\/www.freedom-mu.com\/wp-content\/uploads\/2022\/11\/Home-Kit-Start-600x400-1-300x200.jpg 300w\" sizes=\"(max-width: 600px) 100vw, 600px\" \/>\t\t\t\t\t\t\t\t\t\t\t\t\t\t\t<\/div>\n\t\t\t\t<\/div>\n\t\t\t\t\t<\/div>\n\t\t<\/div>\n\t\t\t\t\t<\/div>\n\t\t<\/section>\n\t\t\t\t<section class=\"elementor-section elementor-top-section elementor-element elementor-element-d158694 elementor-section-boxed elementor-section-height-default elementor-section-height-default\" data-id=\"d158694\" data-element_type=\"section\">\n\t\t\t\t\t\t<div class=\"elementor-container elementor-column-gap-default\">\n\t\t\t\t\t<div class=\"elementor-column elementor-col-50 elementor-top-column elementor-element elementor-element-9412bab\" data-id=\"9412bab\" data-element_type=\"column\">\n\t\t\t<div class=\"elementor-widget-wrap elementor-element-populated\">\n\t\t\t\t\t\t<div class=\"elementor-element elementor-element-be5aed8 elementor-widget elementor-widget-image\" data-id=\"be5aed8\" data-element_type=\"widget\" data-widget_type=\"image.default\">\n\t\t\t\t<div class=\"elementor-widget-container\">\n\t\t\t\t\t\t\t\t\t\t\t\t\t\t\t<img loading=\"lazy\" decoding=\"async\" width=\"300\" height=\"300\" src=\"https:\/\/www.freedom-mu.com\/wp-content\/uploads\/2022\/11\/400-Bracelet-300x300.jpg\" class=\"attachment-medium size-medium wp-image-523\" alt=\"Bracelet s\u00e9curit\u00e9 en cas de chute ou malaise\" srcset=\"https:\/\/www.freedom-mu.com\/wp-content\/uploads\/2022\/11\/400-Bracelet-300x300.jpg 300w, https:\/\/www.freedom-mu.com\/wp-content\/uploads\/2022\/11\/400-Bracelet-150x150.jpg 150w, https:\/\/www.freedom-mu.com\/wp-content\/uploads\/2022\/11\/400-Bracelet.jpg 600w\" sizes=\"(max-width: 300px) 100vw, 300px\" \/>\t\t\t\t\t\t\t\t\t\t\t\t\t\t\t<\/div>\n\t\t\t\t<\/div>\n\t\t\t\t\t<\/div>\n\t\t<\/div>\n\t\t\t\t<div class=\"elementor-column elementor-col-50 elementor-top-column elementor-element elementor-element-287f99c\" data-id=\"287f99c\" data-element_type=\"column\">\n\t\t\t<div class=\"elementor-widget-wrap elementor-element-populated\">\n\t\t\t\t\t\t<div class=\"elementor-element elementor-element-d633444 elementor-widget elementor-widget-text-editor\" data-id=\"d633444\" data-element_type=\"widget\" data-widget_type=\"text-editor.default\">\n\t\t\t\t<div class=\"elementor-widget-container\">\n\t\t\t\t\t\t\t\t\t<h2>Bracelet avec bouton-panique<\/h2>\t\t\t\t\t\t\t\t<\/div>\n\t\t\t\t<\/div>\n\t\t\t\t<div class=\"elementor-element elementor-element-0e82646 elementor-widget elementor-widget-text-editor\" data-id=\"0e82646\" data-element_type=\"widget\" data-widget_type=\"text-editor.default\">\n\t\t\t\t<div class=\"elementor-widget-container\">\n\t\t\t\t\t\t\t\t\t<p><strong>Rayon de port\u00e9e : 300m<\/strong><br \/>Vous \u00eates prot\u00e9g\u00e9 aux alentours de votre maison, dans votre jardin ou votre cour.<\/p><p><strong>100% waterproof\u00a0<\/strong><br \/>Gardez le m\u00eame sous la douche<\/p><p><strong>Dur\u00e9e de vie de la batterie : <\/strong>5 ans<br \/>Nous vous la rempla\u00e7ons un peu avant, de fa\u00e7on pr\u00e9ventive. <\/p>\t\t\t\t\t\t\t\t<\/div>\n\t\t\t\t<\/div>\n\t\t\t\t\t<\/div>\n\t\t<\/div>\n\t\t\t\t\t<\/div>\n\t\t<\/section>\n\t\t\t\t<section class=\"elementor-section elementor-top-section elementor-element elementor-element-77801c1 elementor-section-boxed elementor-section-height-default elementor-section-height-default\" data-id=\"77801c1\" data-element_type=\"section\">\n\t\t\t\t\t\t<div class=\"elementor-container elementor-column-gap-default\">\n\t\t\t\t\t<div class=\"elementor-column elementor-col-50 elementor-top-column elementor-element elementor-element-e08535a\" data-id=\"e08535a\" data-element_type=\"column\">\n\t\t\t<div class=\"elementor-widget-wrap elementor-element-populated\">\n\t\t\t\t\t\t<div class=\"elementor-element elementor-element-d2090d2 elementor-widget elementor-widget-spacer\" data-id=\"d2090d2\" data-element_type=\"widget\" data-widget_type=\"spacer.default\">\n\t\t\t\t<div class=\"elementor-widget-container\">\n\t\t\t\t\t\t\t<div class=\"elementor-spacer\">\n\t\t\t<div class=\"elementor-spacer-inner\"><\/div>\n\t\t<\/div>\n\t\t\t\t\t\t<\/div>\n\t\t\t\t<\/div>\n\t\t\t\t<div class=\"elementor-element elementor-element-cc47744 elementor-widget elementor-widget-text-editor\" data-id=\"cc47744\" data-element_type=\"widget\" data-widget_type=\"text-editor.default\">\n\t\t\t\t<div class=\"elementor-widget-container\">\n\t\t\t\t\t\t\t\t\t<h4>Check also our Freedom alternatives<\/h4>\t\t\t\t\t\t\t\t<\/div>\n\t\t\t\t<\/div>\n\t\t\t\t<section class=\"elementor-section elementor-inner-section elementor-element elementor-element-a695ba6 elementor-section-boxed elementor-section-height-default elementor-section-height-default\" data-id=\"a695ba6\" data-element_type=\"section\">\n\t\t\t\t\t\t<div class=\"elementor-container elementor-column-gap-default\">\n\t\t\t\t\t<div class=\"elementor-column elementor-col-50 elementor-inner-column elementor-element elementor-element-1293e3d\" data-id=\"1293e3d\" data-element_type=\"column\">\n\t\t\t<div class=\"elementor-widget-wrap elementor-element-populated\">\n\t\t\t\t\t\t<div class=\"elementor-element elementor-element-716d83c elementor-widget elementor-widget-image\" data-id=\"716d83c\" data-element_type=\"widget\" data-widget_type=\"image.default\">\n\t\t\t\t<div class=\"elementor-widget-container\">\n\t\t\t\t\t\t\t\t\t\t\t\t\t\t\t\t<a href=\"\/index.php\/freedom-home-night\/\">\n\t\t\t\t\t\t\t<img loading=\"lazy\" decoding=\"async\" width=\"200\" height=\"200\" src=\"https:\/\/www.freedom-mu.com\/wp-content\/uploads\/2022\/11\/200x200-Freedom-home-NIGHT.jpg\" class=\"attachment-large size-large wp-image-622\" alt=\"Freedom Home Night protection senior\" srcset=\"https:\/\/www.freedom-mu.com\/wp-content\/uploads\/2022\/11\/200x200-Freedom-home-NIGHT.jpg 200w, https:\/\/www.freedom-mu.com\/wp-content\/uploads\/2022\/11\/200x200-Freedom-home-NIGHT-150x150.jpg 150w\" sizes=\"(max-width: 200px) 100vw, 200px\" \/>\t\t\t\t\t\t\t\t<\/a>\n\t\t\t\t\t\t\t\t\t\t\t\t\t\t\t<\/div>\n\t\t\t\t<\/div>\n\t\t\t\t\t<\/div>\n\t\t<\/div>\n\t\t\t\t<div class=\"elementor-column elementor-col-50 elementor-inner-column elementor-element elementor-element-18074c4\" data-id=\"18074c4\" data-element_type=\"column\">\n\t\t\t<div class=\"elementor-widget-wrap elementor-element-populated\">\n\t\t\t\t\t\t<div class=\"elementor-element elementor-element-6d91673 elementor-widget elementor-widget-image\" data-id=\"6d91673\" data-element_type=\"widget\" data-widget_type=\"image.default\">\n\t\t\t\t<div class=\"elementor-widget-container\">\n\t\t\t\t\t\t\t\t\t\t\t\t\t\t\t\t<a href=\"\/index.php\/freedom-home-360\/\">\n\t\t\t\t\t\t\t<img loading=\"lazy\" decoding=\"async\" width=\"200\" height=\"200\" src=\"https:\/\/www.freedom-mu.com\/wp-content\/uploads\/2022\/11\/200x200-Freedom-home-360.jpg\" class=\"attachment-large size-large wp-image-624\" alt=\"Freedom Home 360\u00b0 full protection for seniors at home\" srcset=\"https:\/\/www.freedom-mu.com\/wp-content\/uploads\/2022\/11\/200x200-Freedom-home-360.jpg 200w, https:\/\/www.freedom-mu.com\/wp-content\/uploads\/2022\/11\/200x200-Freedom-home-360-150x150.jpg 150w\" sizes=\"(max-width: 200px) 100vw, 200px\" \/>\t\t\t\t\t\t\t\t<\/a>\n\t\t\t\t\t\t\t\t\t\t\t\t\t\t\t<\/div>\n\t\t\t\t<\/div>\n\t\t\t\t\t<\/div>\n\t\t<\/div>\n\t\t\t\t\t<\/div>\n\t\t<\/section>\n\t\t\t\t<div class=\"elementor-element elementor-element-a8e229f elementor-widget elementor-widget-image\" data-id=\"a8e229f\" data-element_type=\"widget\" data-widget_type=\"image.default\">\n\t\t\t\t<div class=\"elementor-widget-container\">\n\t\t\t\t\t\t\t\t\t\t\t\t\t\t\t<img loading=\"lazy\" decoding=\"async\" width=\"200\" height=\"200\" src=\"https:\/\/www.freedom-mu.com\/wp-content\/uploads\/2022\/11\/200x200-Freedom-Mobility.jpg\" class=\"attachment-large size-large wp-image-626\" alt=\"Freedom Mobility an offer of safety with a connected watch\" srcset=\"https:\/\/www.freedom-mu.com\/wp-content\/uploads\/2022\/11\/200x200-Freedom-Mobility.jpg 200w, https:\/\/www.freedom-mu.com\/wp-content\/uploads\/2022\/11\/200x200-Freedom-Mobility-150x150.jpg 150w\" sizes=\"(max-width: 200px) 100vw, 200px\" \/>\t\t\t\t\t\t\t\t\t\t\t\t\t\t\t<\/div>\n\t\t\t\t<\/div>\n\t\t\t\t\t<\/div>\n\t\t<\/div>\n\t\t\t\t<div class=\"elementor-column elementor-col-50 elementor-top-column elementor-element elementor-element-aecf865\" data-id=\"aecf865\" data-element_type=\"column\">\n\t\t\t<div class=\"elementor-widget-wrap elementor-element-populated\">\n\t\t\t\t\t\t<div class=\"elementor-element elementor-element-052c40c elementor-widget elementor-widget-spacer\" data-id=\"052c40c\" data-element_type=\"widget\" data-widget_type=\"spacer.default\">\n\t\t\t\t<div class=\"elementor-widget-container\">\n\t\t\t\t\t\t\t<div class=\"elementor-spacer\">\n\t\t\t<div class=\"elementor-spacer-inner\"><\/div>\n\t\t<\/div>\n\t\t\t\t\t\t<\/div>\n\t\t\t\t<\/div>\n\t\t\t\t<div class=\"elementor-element elementor-element-aba6865 elementor-widget elementor-widget-text-editor\" data-id=\"aba6865\" data-element_type=\"widget\" data-widget_type=\"text-editor.default\">\n\t\t\t\t<div class=\"elementor-widget-container\">\n\t\t\t\t\t\t\t\t\t<p>Pour plus d&#8217;information, <a href=\"\/contact\/\" target=\"_blank\" rel=\"noopener\">contactez-nous<\/a> <br \/>ou appelez-nous directement<\/p>\t\t\t\t\t\t\t\t<\/div>\n\t\t\t\t<\/div>\n\t\t\t\t<div class=\"elementor-element elementor-element-6b3d1f5 elementor-widget elementor-widget-image\" data-id=\"6b3d1f5\" data-element_type=\"widget\" data-widget_type=\"image.default\">\n\t\t\t\t<div class=\"elementor-widget-container\">\n\t\t\t\t\t\t\t\t\t\t\t\t\t\t\t<img loading=\"lazy\" decoding=\"async\" width=\"200\" height=\"200\" src=\"https:\/\/www.freedom-mu.com\/wp-content\/uploads\/2022\/11\/Bulle-Contact.jpg\" class=\"attachment-large size-large wp-image-176\" alt=\"Contact Freedom Mauritius\" srcset=\"https:\/\/www.freedom-mu.com\/wp-content\/uploads\/2022\/11\/Bulle-Contact.jpg 200w, https:\/\/www.freedom-mu.com\/wp-content\/uploads\/2022\/11\/Bulle-Contact-150x150.jpg 150w\" sizes=\"(max-width: 200px) 100vw, 200px\" \/>\t\t\t\t\t\t\t\t\t\t\t\t\t\t\t<\/div>\n\t\t\t\t<\/div>\n\t\t\t\t\t<\/div>\n\t\t<\/div>\n\t\t\t\t\t<\/div>\n\t\t<\/section>\n\t\t\t\t<\/div>\n\t\t","protected":false},"excerpt":{"rendered":"<p>Le syst\u00e8me d&#8217;alerte classique avec un bouton d&#8217;alarme S\u00e9curit\u00e9 24h\/24 \u00e0 domicile\u00a0 avec bouton d&#8217;alarme Alerte des proches ou de la centrale d&#8217;appel d&#8217;urgence Bracelet d&#8217;alarme Application mobile gratuite pour \u00e9changer avec la centrale d&#8217;urgence et pr\u00e9venir vos proches Bracelet avec bouton-panique Rayon de port\u00e9e : 300mVous \u00eates prot\u00e9g\u00e9 aux alentours de votre maison, dans [&hellip;]<\/p>\n","protected":false},"author":1,"featured_media":0,"parent":0,"menu_order":0,"comment_status":"closed","ping_status":"closed","template":"","meta":{"footnotes":""},"class_list":["post-535","page","type-page","status-publish","hentry"],"_links":{"self":[{"href":"https:\/\/www.freedom-mu.com\/index.php\/wp-json\/wp\/v2\/pages\/535","targetHints":{"allow":["GET"]}}],"collection":[{"href":"https:\/\/www.freedom-mu.com\/index.php\/wp-json\/wp\/v2\/pages"}],"about":[{"href":"https:\/\/www.freedom-mu.com\/index.php\/wp-json\/wp\/v2\/types\/page"}],"author":[{"embeddable":true,"href":"https:\/\/www.freedom-mu.com\/index.php\/wp-json\/wp\/v2\/users\/1"}],"replies":[{"embeddable":true,"href":"https:\/\/www.freedom-mu.com\/index.php\/wp-json\/wp\/v2\/comments?post=535"}],"version-history":[{"count":13,"href":"https:\/\/www.freedom-mu.com\/index.php\/wp-json\/wp\/v2\/pages\/535\/revisions"}],"predecessor-version":[{"id":632,"href":"https:\/\/www.freedom-mu.com\/index.php\/wp-json\/wp\/v2\/pages\/535\/revisions\/632"}],"wp:attachment":[{"href":"https:\/\/www.freedom-mu.com\/index.php\/wp-json\/wp\/v2\/media?parent=535"}],"curies":[{"name":"wp","href":"https:\/\/api.w.org\/{rel}","templated":true}]}}