{"id":546,"date":"2022-11-24T05:54:45","date_gmt":"2022-11-24T04:54:45","guid":{"rendered":"http:\/\/www.freedom-mu.com\/?page_id=546"},"modified":"2024-01-24T12:42:06","modified_gmt":"2024-01-24T11:42:06","slug":"fr-accueil","status":"publish","type":"page","link":"https:\/\/www.freedom-mu.com\/index.php\/fr\/fr-accueil\/","title":{"rendered":"FR-Accueil"},"content":{"rendered":"\t\t<div data-elementor-type=\"wp-page\" data-elementor-id=\"546\" class=\"elementor elementor-546\" data-elementor-post-type=\"page\">\n\t\t\t\t\t\t<section class=\"elementor-section elementor-top-section elementor-element elementor-element-576804e5 elementor-section-boxed elementor-section-height-default elementor-section-height-default\" data-id=\"576804e5\" data-element_type=\"section\">\n\t\t\t\t\t\t<div class=\"elementor-container elementor-column-gap-default\">\n\t\t\t\t\t<div class=\"elementor-column elementor-col-100 elementor-top-column elementor-element elementor-element-56b9f751\" data-id=\"56b9f751\" data-element_type=\"column\">\n\t\t\t<div class=\"elementor-widget-wrap elementor-element-populated\">\n\t\t\t\t\t\t<div class=\"elementor-element elementor-element-41528295 elementor--h-position-left elementor--v-position-middle elementor-arrows-position-inside elementor-pagination-position-inside elementor-widget elementor-widget-slides\" data-id=\"41528295\" data-element_type=\"widget\" data-settings=\"{&quot;transition&quot;:&quot;fade&quot;,&quot;navigation&quot;:&quot;both&quot;,&quot;autoplay&quot;:&quot;yes&quot;,&quot;pause_on_hover&quot;:&quot;yes&quot;,&quot;pause_on_interaction&quot;:&quot;yes&quot;,&quot;autoplay_speed&quot;:5000,&quot;infinite&quot;:&quot;yes&quot;,&quot;transition_speed&quot;:500}\" data-widget_type=\"slides.default\">\n\t\t\t\t<div class=\"elementor-widget-container\">\n\t\t\t\t\t\t\t<div class=\"elementor-swiper\">\n\t\t\t<div class=\"elementor-slides-wrapper elementor-main-swiper swiper-container\" dir=\"ltr\" data-animation=\"fadeInUp\">\n\t\t\t\t<div class=\"swiper-wrapper elementor-slides\">\n\t\t\t\t\t\t\t\t\t\t<div class=\"elementor-repeater-item-dbcbeee swiper-slide\"><div class=\"swiper-slide-bg\" role=\"img\"><\/div><div class=\"swiper-slide-inner\" ><div class=\"swiper-slide-contents\"><div class=\"elementor-slide-heading\">L'art de rester <\/div><div class=\"elementor-slide-description\">                                         \nlibre<br>autonome<br> ind\u00e9pendant <br><br>\nen toute s\u00e9curit\u00e9<\/div><\/div><\/div><\/div><div class=\"elementor-repeater-item-afc1875 swiper-slide\"><div class=\"swiper-slide-bg\" role=\"img\"><\/div><div class=\"swiper-slide-inner\" ><div class=\"swiper-slide-contents\"><div class=\"elementor-slide-heading\">Bouton SOS<\/div><div class=\"elementor-slide-description\">GPS<br>Haut-parleur<br> Microphone<\/br>\n\n<\/div><div  class=\"elementor-button elementor-slide-button elementor-size-sm\">Voir<\/div><\/div><\/div><\/div><div class=\"elementor-repeater-item-5ff3d16 swiper-slide\"><div class=\"swiper-slide-bg\" role=\"img\"><\/div><div class=\"swiper-slide-inner\" ><div class=\"swiper-slide-contents\"><div class=\"elementor-slide-heading\"><br>SECURITE<\/div><div class=\"elementor-slide-description\">En cas de chute<br> ou de malaise<\/div><div  class=\"elementor-button elementor-slide-button elementor-size-sm\">Voir<\/div><\/div><\/div><\/div><div class=\"elementor-repeater-item-f45b805 swiper-slide\"><div class=\"swiper-slide-bg\" role=\"img\"><\/div><div class=\"swiper-slide-inner\" ><div class=\"swiper-slide-contents\"><div class=\"elementor-slide-heading\">EXPERTISE<\/div><div class=\"elementor-slide-description\">Un professionnel<br> \u00e0 disposition<br>\n7j\/7<br>24h\/24<\/br><\/div><div  class=\"elementor-button elementor-slide-button elementor-size-sm\">voir<\/div><\/div><\/div><\/div>\t\t\t\t<\/div>\n\t\t\t\t\t\t\t\t\t\t\t\t\t\t\t<div class=\"swiper-pagination\"><\/div>\n\t\t\t\t\t\t\t\t\t\t\t\t\t\t\t\t<div class=\"elementor-swiper-button elementor-swiper-button-prev\" role=\"button\" tabindex=\"0\">\n\t\t\t\t\t\t\t<i aria-hidden=\"true\" class=\"eicon-chevron-left\"><\/i>\t\t\t\t\t\t\t<span class=\"elementor-screen-only\">Previous slide<\/span>\n\t\t\t\t\t\t<\/div>\n\t\t\t\t\t\t<div class=\"elementor-swiper-button elementor-swiper-button-next\" role=\"button\" tabindex=\"0\">\n\t\t\t\t\t\t\t<i aria-hidden=\"true\" class=\"eicon-chevron-right\"><\/i>\t\t\t\t\t\t\t<span class=\"elementor-screen-only\">Next slide<\/span>\n\t\t\t\t\t\t<\/div>\n\t\t\t\t\t\t\t\t\t\t\t\t<\/div>\n\t\t<\/div>\n\t\t\t\t\t\t<\/div>\n\t\t\t\t<\/div>\n\t\t\t\t\t<\/div>\n\t\t<\/div>\n\t\t\t\t\t<\/div>\n\t\t<\/section>\n\t\t\t\t<section class=\"elementor-section elementor-top-section elementor-element elementor-element-70f8294d elementor-section-boxed elementor-section-height-default elementor-section-height-default\" data-id=\"70f8294d\" data-element_type=\"section\">\n\t\t\t\t\t\t<div class=\"elementor-container elementor-column-gap-default\">\n\t\t\t\t\t<div class=\"elementor-column elementor-col-25 elementor-top-column elementor-element elementor-element-4d412978\" data-id=\"4d412978\" data-element_type=\"column\">\n\t\t\t<div class=\"elementor-widget-wrap elementor-element-populated\">\n\t\t\t\t\t\t<div class=\"elementor-element elementor-element-6b355d4b elementor-widget elementor-widget-image\" data-id=\"6b355d4b\" data-element_type=\"widget\" data-widget_type=\"image.default\">\n\t\t\t\t<div class=\"elementor-widget-container\">\n\t\t\t\t\t\t\t\t\t\t\t\t\t\t\t<img decoding=\"async\" src=\"https:\/\/www.freedom-mu.com\/wp-content\/uploads\/2022\/11\/Icone1-Operator.jpg\" title=\"Icone1-Operator\" alt=\"T\u00e9l\u00e9-assistance 24\/7\" loading=\"lazy\" \/>\t\t\t\t\t\t\t\t\t\t\t\t\t\t\t<\/div>\n\t\t\t\t<\/div>\n\t\t\t\t\t<\/div>\n\t\t<\/div>\n\t\t\t\t<div class=\"elementor-column elementor-col-25 elementor-top-column elementor-element elementor-element-52ba5098\" data-id=\"52ba5098\" data-element_type=\"column\">\n\t\t\t<div class=\"elementor-widget-wrap elementor-element-populated\">\n\t\t\t\t\t\t<div class=\"elementor-element elementor-element-2bdcb22e elementor-widget elementor-widget-image\" data-id=\"2bdcb22e\" data-element_type=\"widget\" data-widget_type=\"image.default\">\n\t\t\t\t<div class=\"elementor-widget-container\">\n\t\t\t\t\t\t\t\t\t\t\t\t\t\t\t<img decoding=\"async\" src=\"https:\/\/www.freedom-mu.com\/wp-content\/uploads\/2022\/11\/Icone2-Alerte.jpg\" title=\"Icone2-Alerte\" alt=\"Bouton d&#039;alarme pour senior, s\u00e9curit\u00e9 \u00e0 la maison\" loading=\"lazy\" \/>\t\t\t\t\t\t\t\t\t\t\t\t\t\t\t<\/div>\n\t\t\t\t<\/div>\n\t\t\t\t\t<\/div>\n\t\t<\/div>\n\t\t\t\t<div class=\"elementor-column elementor-col-25 elementor-top-column elementor-element elementor-element-75f4f322\" data-id=\"75f4f322\" data-element_type=\"column\">\n\t\t\t<div class=\"elementor-widget-wrap elementor-element-populated\">\n\t\t\t\t\t\t<div class=\"elementor-element elementor-element-19fd9a8d elementor-widget elementor-widget-image\" data-id=\"19fd9a8d\" data-element_type=\"widget\" data-widget_type=\"image.default\">\n\t\t\t\t<div class=\"elementor-widget-container\">\n\t\t\t\t\t\t\t\t\t\t\t\t\t\t\t<img decoding=\"async\" src=\"https:\/\/www.freedom-mu.com\/wp-content\/uploads\/2022\/11\/Icone3-Operateur.jpg\" title=\"Icone3-Operateur\" alt=\"Home connected service\" loading=\"lazy\" \/>\t\t\t\t\t\t\t\t\t\t\t\t\t\t\t<\/div>\n\t\t\t\t<\/div>\n\t\t\t\t\t<\/div>\n\t\t<\/div>\n\t\t\t\t<div class=\"elementor-column elementor-col-25 elementor-top-column elementor-element elementor-element-4a1f743b\" data-id=\"4a1f743b\" data-element_type=\"column\">\n\t\t\t<div class=\"elementor-widget-wrap elementor-element-populated\">\n\t\t\t\t\t\t<div class=\"elementor-element elementor-element-2a3c4126 elementor-widget elementor-widget-image\" data-id=\"2a3c4126\" data-element_type=\"widget\" data-widget_type=\"image.default\">\n\t\t\t\t<div class=\"elementor-widget-container\">\n\t\t\t\t\t\t\t\t\t\t\t\t\t\t\t<img decoding=\"async\" src=\"https:\/\/www.freedom-mu.com\/wp-content\/uploads\/2022\/11\/Icone4-React..jpg\" title=\"Icone4-React.\" alt=\"Simple practical solutionn for seniors security in Mauritius\" loading=\"lazy\" \/>\t\t\t\t\t\t\t\t\t\t\t\t\t\t\t<\/div>\n\t\t\t\t<\/div>\n\t\t\t\t\t<\/div>\n\t\t<\/div>\n\t\t\t\t\t<\/div>\n\t\t<\/section>\n\t\t\t\t<section class=\"elementor-section elementor-top-section elementor-element elementor-element-425e1a21 elementor-section-boxed elementor-section-height-default elementor-section-height-default\" data-id=\"425e1a21\" data-element_type=\"section\">\n\t\t\t\t\t\t<div class=\"elementor-container elementor-column-gap-default\">\n\t\t\t\t\t<div class=\"elementor-column elementor-col-25 elementor-top-column elementor-element elementor-element-67e25783\" data-id=\"67e25783\" data-element_type=\"column\">\n\t\t\t<div class=\"elementor-widget-wrap elementor-element-populated\">\n\t\t\t\t\t\t<div class=\"elementor-element elementor-element-87146af elementor-widget elementor-widget-heading\" data-id=\"87146af\" data-element_type=\"widget\" data-widget_type=\"heading.default\">\n\t\t\t\t<div class=\"elementor-widget-container\">\n\t\t\t\t\t<h3 class=\"elementor-heading-title elementor-size-default\">24\/7<\/h3>\t\t\t\t<\/div>\n\t\t\t\t<\/div>\n\t\t\t\t\t<\/div>\n\t\t<\/div>\n\t\t\t\t<div class=\"elementor-column elementor-col-25 elementor-top-column elementor-element elementor-element-351ac55d\" data-id=\"351ac55d\" data-element_type=\"column\">\n\t\t\t<div class=\"elementor-widget-wrap elementor-element-populated\">\n\t\t\t\t\t\t<div class=\"elementor-element elementor-element-1bc887fc elementor-widget elementor-widget-heading\" data-id=\"1bc887fc\" data-element_type=\"widget\" data-widget_type=\"heading.default\">\n\t\t\t\t<div class=\"elementor-widget-container\">\n\t\t\t\t\t<h3 class=\"elementor-heading-title elementor-size-default\">R\u00e9activit\u00e9<\/h3>\t\t\t\t<\/div>\n\t\t\t\t<\/div>\n\t\t\t\t\t<\/div>\n\t\t<\/div>\n\t\t\t\t<div class=\"elementor-column elementor-col-25 elementor-top-column elementor-element elementor-element-2da7030f\" data-id=\"2da7030f\" data-element_type=\"column\">\n\t\t\t<div class=\"elementor-widget-wrap elementor-element-populated\">\n\t\t\t\t\t\t<div class=\"elementor-element elementor-element-55b5922f elementor-widget elementor-widget-heading\" data-id=\"55b5922f\" data-element_type=\"widget\" data-widget_type=\"heading.default\">\n\t\t\t\t<div class=\"elementor-widget-container\">\n\t\t\t\t\t<h3 class=\"elementor-heading-title elementor-size-default\">Flexibilit\u00e9<\/h3>\t\t\t\t<\/div>\n\t\t\t\t<\/div>\n\t\t\t\t\t<\/div>\n\t\t<\/div>\n\t\t\t\t<div class=\"elementor-column elementor-col-25 elementor-top-column elementor-element elementor-element-bb440bb\" data-id=\"bb440bb\" data-element_type=\"column\">\n\t\t\t<div class=\"elementor-widget-wrap elementor-element-populated\">\n\t\t\t\t\t\t<div class=\"elementor-element elementor-element-500087ef elementor-widget elementor-widget-heading\" data-id=\"500087ef\" data-element_type=\"widget\" data-widget_type=\"heading.default\">\n\t\t\t\t<div class=\"elementor-widget-container\">\n\t\t\t\t\t<h3 class=\"elementor-heading-title elementor-size-default\">Simplicit\u00e9<\/h3>\t\t\t\t<\/div>\n\t\t\t\t<\/div>\n\t\t\t\t\t<\/div>\n\t\t<\/div>\n\t\t\t\t\t<\/div>\n\t\t<\/section>\n\t\t\t\t<section class=\"elementor-section elementor-top-section elementor-element elementor-element-54018b8a elementor-section-boxed elementor-section-height-default elementor-section-height-default\" data-id=\"54018b8a\" data-element_type=\"section\">\n\t\t\t\t\t\t<div class=\"elementor-container elementor-column-gap-default\">\n\t\t\t\t\t<div class=\"elementor-column elementor-col-25 elementor-top-column elementor-element elementor-element-796f23f8\" data-id=\"796f23f8\" data-element_type=\"column\">\n\t\t\t<div class=\"elementor-widget-wrap elementor-element-populated\">\n\t\t\t\t\t\t<div class=\"elementor-element elementor-element-5c885e7b elementor-widget elementor-widget-text-editor\" data-id=\"5c885e7b\" data-element_type=\"widget\" data-widget_type=\"text-editor.default\">\n\t\t\t\t<div class=\"elementor-widget-container\">\n\t\t\t\t\t\t\t\t\t<p>Un op\u00e9rateur de t\u00e9l\u00e9assistance disponible 24\/24, 7 jours sur 7<\/p>\t\t\t\t\t\t\t\t<\/div>\n\t\t\t\t<\/div>\n\t\t\t\t\t<\/div>\n\t\t<\/div>\n\t\t\t\t<div class=\"elementor-column elementor-col-25 elementor-top-column elementor-element elementor-element-3b6a648d\" data-id=\"3b6a648d\" data-element_type=\"column\">\n\t\t\t<div class=\"elementor-widget-wrap elementor-element-populated\">\n\t\t\t\t\t\t<div class=\"elementor-element elementor-element-6af8eec6 elementor-widget elementor-widget-text-editor\" data-id=\"6af8eec6\" data-element_type=\"widget\" data-widget_type=\"text-editor.default\">\n\t\t\t\t<div class=\"elementor-widget-container\">\n\t\t\t\t\t\t\t\t\t<p>Un op\u00e9rateur vous contacte quelques secondes apr\u00e8s votre alerte<\/p>\t\t\t\t\t\t\t\t<\/div>\n\t\t\t\t<\/div>\n\t\t\t\t\t<\/div>\n\t\t<\/div>\n\t\t\t\t<div class=\"elementor-column elementor-col-25 elementor-top-column elementor-element elementor-element-1340a5f2\" data-id=\"1340a5f2\" data-element_type=\"column\">\n\t\t\t<div class=\"elementor-widget-wrap elementor-element-populated\">\n\t\t\t\t\t\t<div class=\"elementor-element elementor-element-5c47a03c elementor-widget elementor-widget-text-editor\" data-id=\"5c47a03c\" data-element_type=\"widget\" data-widget_type=\"text-editor.default\">\n\t\t\t\t<div class=\"elementor-widget-container\">\n\t\t\t\t\t\t\t\t\t<p>Adapt\u00e9 pour tout type de logement, appartement ou maison<\/p>\t\t\t\t\t\t\t\t<\/div>\n\t\t\t\t<\/div>\n\t\t\t\t\t<\/div>\n\t\t<\/div>\n\t\t\t\t<div class=\"elementor-column elementor-col-25 elementor-top-column elementor-element elementor-element-21fdf5ad\" data-id=\"21fdf5ad\" data-element_type=\"column\">\n\t\t\t<div class=\"elementor-widget-wrap elementor-element-populated\">\n\t\t\t\t\t\t<div class=\"elementor-element elementor-element-5565aa74 elementor-widget elementor-widget-text-editor\" data-id=\"5565aa74\" data-element_type=\"widget\" data-widget_type=\"text-editor.default\">\n\t\t\t\t<div class=\"elementor-widget-container\">\n\t\t\t\t\t\t\t\t\t<p>Efficace et simple d&#8217;utilisation<\/p>\t\t\t\t\t\t\t\t<\/div>\n\t\t\t\t<\/div>\n\t\t\t\t\t<\/div>\n\t\t<\/div>\n\t\t\t\t\t<\/div>\n\t\t<\/section>\n\t\t\t\t<section class=\"elementor-section elementor-top-section elementor-element elementor-element-742ff2a3 elementor-section-boxed elementor-section-height-default elementor-section-height-default\" data-id=\"742ff2a3\" data-element_type=\"section\">\n\t\t\t\t\t\t<div class=\"elementor-container elementor-column-gap-default\">\n\t\t\t\t\t<div class=\"elementor-column elementor-col-66 elementor-top-column elementor-element elementor-element-73d97520\" data-id=\"73d97520\" data-element_type=\"column\">\n\t\t\t<div class=\"elementor-widget-wrap elementor-element-populated\">\n\t\t\t\t\t\t<div class=\"elementor-element elementor-element-55612f06 elementor-widget elementor-widget-image\" data-id=\"55612f06\" data-element_type=\"widget\" data-widget_type=\"image.default\">\n\t\t\t\t<div class=\"elementor-widget-container\">\n\t\t\t\t\t\t\t\t\t\t\t\t\t\t\t<img fetchpriority=\"high\" decoding=\"async\" width=\"800\" height=\"534\" src=\"https:\/\/www.freedom-mu.com\/wp-content\/uploads\/2022\/11\/Mere-fille-1024x683.jpg\" class=\"attachment-large size-large wp-image-49\" alt=\"prendre soin de ses proches\" srcset=\"https:\/\/www.freedom-mu.com\/wp-content\/uploads\/2022\/11\/Mere-fille-1024x683.jpg 1024w, https:\/\/www.freedom-mu.com\/wp-content\/uploads\/2022\/11\/Mere-fille-300x200.jpg 300w, https:\/\/www.freedom-mu.com\/wp-content\/uploads\/2022\/11\/Mere-fille-768x512.jpg 768w, https:\/\/www.freedom-mu.com\/wp-content\/uploads\/2022\/11\/Mere-fille-1536x1024.jpg 1536w, https:\/\/www.freedom-mu.com\/wp-content\/uploads\/2022\/11\/Mere-fille-2048x1365.jpg 2048w\" sizes=\"(max-width: 800px) 100vw, 800px\" \/>\t\t\t\t\t\t\t\t\t\t\t\t\t\t\t<\/div>\n\t\t\t\t<\/div>\n\t\t\t\t\t<\/div>\n\t\t<\/div>\n\t\t\t\t<div class=\"elementor-column elementor-col-33 elementor-top-column elementor-element elementor-element-2fa33a30\" data-id=\"2fa33a30\" data-element_type=\"column\">\n\t\t\t<div class=\"elementor-widget-wrap elementor-element-populated\">\n\t\t\t\t\t\t<div class=\"elementor-element elementor-element-1d895ad1 elementor-widget__width-inherit elementor-widget elementor-widget-text-editor\" data-id=\"1d895ad1\" data-element_type=\"widget\" data-widget_type=\"text-editor.default\">\n\t\t\t\t<div class=\"elementor-widget-container\">\n\t\t\t\t\t\t\t\t\t<p>\u00a0<\/p><h2>Des solutions connect\u00e9es<\/h2><p>\u00a0<\/p><p>Pour une meilleure qualit\u00e9 de vie chaque jour<\/p><h5>Vos proches sont rassur\u00e9s<br \/>Vous restez ind\u00e9pendant<\/h5>\t\t\t\t\t\t\t\t<\/div>\n\t\t\t\t<\/div>\n\t\t\t\t\t<\/div>\n\t\t<\/div>\n\t\t\t\t\t<\/div>\n\t\t<\/section>\n\t\t\t\t<section class=\"elementor-section elementor-top-section elementor-element elementor-element-51bbb481 elementor-section-boxed elementor-section-height-default elementor-section-height-default\" data-id=\"51bbb481\" data-element_type=\"section\">\n\t\t\t\t\t\t<div class=\"elementor-container elementor-column-gap-default\">\n\t\t\t\t\t<div class=\"elementor-column elementor-col-100 elementor-top-column elementor-element elementor-element-3140b757\" data-id=\"3140b757\" data-element_type=\"column\">\n\t\t\t<div class=\"elementor-widget-wrap elementor-element-populated\">\n\t\t\t\t\t\t<div class=\"elementor-element elementor-element-569785d9 elementor-widget elementor-widget-heading\" data-id=\"569785d9\" data-element_type=\"widget\" data-widget_type=\"heading.default\">\n\t\t\t\t<div class=\"elementor-widget-container\">\n\t\t\t\t\t<h2 class=\"elementor-heading-title elementor-size-default\">Choisissez la solution qui vous convient<\/h2>\t\t\t\t<\/div>\n\t\t\t\t<\/div>\n\t\t\t\t\t<\/div>\n\t\t<\/div>\n\t\t\t\t\t<\/div>\n\t\t<\/section>\n\t\t\t\t<section class=\"elementor-section elementor-top-section elementor-element elementor-element-497b119e elementor-section-boxed elementor-section-height-default elementor-section-height-default\" data-id=\"497b119e\" data-element_type=\"section\">\n\t\t\t\t\t\t<div class=\"elementor-container elementor-column-gap-default\">\n\t\t\t\t\t<div class=\"elementor-column elementor-col-50 elementor-top-column elementor-element elementor-element-8183218\" data-id=\"8183218\" data-element_type=\"column\">\n\t\t\t<div class=\"elementor-widget-wrap elementor-element-populated\">\n\t\t\t\t\t\t<div class=\"elementor-element elementor-element-53f1af56 elementor-widget elementor-widget-image\" data-id=\"53f1af56\" data-element_type=\"widget\" data-widget_type=\"image.default\">\n\t\t\t\t<div class=\"elementor-widget-container\">\n\t\t\t\t\t\t\t\t\t\t\t\t\t\t\t\t<a href=\"\/index.php\/freedom-mobilty\/\">\n\t\t\t\t\t\t\t<img decoding=\"async\" width=\"600\" height=\"600\" src=\"https:\/\/www.freedom-mu.com\/wp-content\/uploads\/2022\/11\/600-Mobility-visuel-rond.jpg\" class=\"attachment-large size-large wp-image-188\" alt=\"Montre connect\u00e9e pour seniors\" srcset=\"https:\/\/www.freedom-mu.com\/wp-content\/uploads\/2022\/11\/600-Mobility-visuel-rond.jpg 600w, https:\/\/www.freedom-mu.com\/wp-content\/uploads\/2022\/11\/600-Mobility-visuel-rond-300x300.jpg 300w, https:\/\/www.freedom-mu.com\/wp-content\/uploads\/2022\/11\/600-Mobility-visuel-rond-150x150.jpg 150w\" sizes=\"(max-width: 600px) 100vw, 600px\" \/>\t\t\t\t\t\t\t\t<\/a>\n\t\t\t\t\t\t\t\t\t\t\t\t\t\t\t<\/div>\n\t\t\t\t<\/div>\n\t\t\t\t\t<\/div>\n\t\t<\/div>\n\t\t\t\t<div class=\"elementor-column elementor-col-50 elementor-top-column elementor-element elementor-element-a4d91c2\" data-id=\"a4d91c2\" data-element_type=\"column\">\n\t\t\t<div class=\"elementor-widget-wrap elementor-element-populated\">\n\t\t\t\t\t\t<div class=\"elementor-element elementor-element-4780036 elementor-widget elementor-widget-image\" data-id=\"4780036\" data-element_type=\"widget\" data-widget_type=\"image.default\">\n\t\t\t\t<div class=\"elementor-widget-container\">\n\t\t\t\t\t\t\t\t\t\t\t\t\t\t\t\t<a href=\"\/index.php\/freedom-home\/\">\n\t\t\t\t\t\t\t<img decoding=\"async\" width=\"600\" height=\"600\" src=\"https:\/\/www.freedom-mu.com\/wp-content\/uploads\/2022\/11\/600-Home-visuel-rond.jpg\" class=\"attachment-large size-large wp-image-189\" alt=\"syst\u00e8me connect\u00e9 de s\u00e9curit\u00e9 pour s\u00e9niors\" srcset=\"https:\/\/www.freedom-mu.com\/wp-content\/uploads\/2022\/11\/600-Home-visuel-rond.jpg 600w, https:\/\/www.freedom-mu.com\/wp-content\/uploads\/2022\/11\/600-Home-visuel-rond-300x300.jpg 300w, https:\/\/www.freedom-mu.com\/wp-content\/uploads\/2022\/11\/600-Home-visuel-rond-150x150.jpg 150w\" sizes=\"(max-width: 600px) 100vw, 600px\" \/>\t\t\t\t\t\t\t\t<\/a>\n\t\t\t\t\t\t\t\t\t\t\t\t\t\t\t<\/div>\n\t\t\t\t<\/div>\n\t\t\t\t\t<\/div>\n\t\t<\/div>\n\t\t\t\t\t<\/div>\n\t\t<\/section>\n\t\t\t\t<section class=\"elementor-section elementor-top-section elementor-element elementor-element-40e94539 elementor-section-boxed elementor-section-height-default elementor-section-height-default\" data-id=\"40e94539\" data-element_type=\"section\">\n\t\t\t\t\t\t<div class=\"elementor-container elementor-column-gap-default\">\n\t\t\t\t\t<div class=\"elementor-column elementor-col-25 elementor-top-column elementor-element elementor-element-26394af8\" data-id=\"26394af8\" data-element_type=\"column\">\n\t\t\t<div class=\"elementor-widget-wrap elementor-element-populated\">\n\t\t\t\t\t\t<div class=\"elementor-element elementor-element-313dbcbf elementor-widget elementor-widget-text-editor\" data-id=\"313dbcbf\" data-element_type=\"widget\" data-widget_type=\"text-editor.default\">\n\t\t\t\t<div class=\"elementor-widget-container\">\n\t\t\t\t\t\t\t\t\t<h3>La montre connect\u00e9e et son appli<\/h3><p>Pour rester actif et ind\u00e9pendant<\/p><p>Soyez en contr\u00f4le de votre sant\u00e9 en toute s\u00e9curit\u00e9<br \/><strong>chez vous en en ext\u00e9rieur<\/strong><\/p>\t\t\t\t\t\t\t\t<\/div>\n\t\t\t\t<\/div>\n\t\t\t\t\t<\/div>\n\t\t<\/div>\n\t\t\t\t<div class=\"elementor-column elementor-col-25 elementor-top-column elementor-element elementor-element-57955be8\" data-id=\"57955be8\" data-element_type=\"column\">\n\t\t\t<div class=\"elementor-widget-wrap elementor-element-populated\">\n\t\t\t\t\t\t<div class=\"elementor-element elementor-element-13d1fdd3 elementor-widget elementor-widget-image\" data-id=\"13d1fdd3\" data-element_type=\"widget\" data-widget_type=\"image.default\">\n\t\t\t\t<div class=\"elementor-widget-container\">\n\t\t\t\t\t\t\t\t\t\t\t\t\t\t\t<img loading=\"lazy\" decoding=\"async\" width=\"400\" height=\"400\" src=\"https:\/\/www.freedom-mu.com\/wp-content\/uploads\/2022\/11\/400-mobility-prix.jpg\" class=\"attachment-large size-large wp-image-191\" alt=\"Freedom Mobility une montre connect\u00e9e et une appli\" srcset=\"https:\/\/www.freedom-mu.com\/wp-content\/uploads\/2022\/11\/400-mobility-prix.jpg 400w, https:\/\/www.freedom-mu.com\/wp-content\/uploads\/2022\/11\/400-mobility-prix-300x300.jpg 300w, https:\/\/www.freedom-mu.com\/wp-content\/uploads\/2022\/11\/400-mobility-prix-150x150.jpg 150w\" sizes=\"(max-width: 400px) 100vw, 400px\" \/>\t\t\t\t\t\t\t\t\t\t\t\t\t\t\t<\/div>\n\t\t\t\t<\/div>\n\t\t\t\t\t<\/div>\n\t\t<\/div>\n\t\t\t\t<div class=\"elementor-column elementor-col-25 elementor-top-column elementor-element elementor-element-2d1ba793\" data-id=\"2d1ba793\" data-element_type=\"column\">\n\t\t\t<div class=\"elementor-widget-wrap elementor-element-populated\">\n\t\t\t\t\t\t<div class=\"elementor-element elementor-element-a794de2 elementor-widget elementor-widget-text-editor\" data-id=\"a794de2\" data-element_type=\"widget\" data-widget_type=\"text-editor.default\">\n\t\t\t\t<div class=\"elementor-widget-container\">\n\t\t\t\t\t\t\t\t\t<h2>Les kits Home<\/h2>\n<p>La s\u00e9curit\u00e9 \u00e0&nbsp; la maison<br>gr\u00e2ce \u00e0 l&#8217;<strong>intelligence artificielle<\/strong><\/p>\n<p><br><\/p><p>Des solutions s\u00fbres et test\u00e9es<\/p>\t\t\t\t\t\t\t\t<\/div>\n\t\t\t\t<\/div>\n\t\t\t\t\t<\/div>\n\t\t<\/div>\n\t\t\t\t<div class=\"elementor-column elementor-col-25 elementor-top-column elementor-element elementor-element-283d7214\" data-id=\"283d7214\" data-element_type=\"column\">\n\t\t\t<div class=\"elementor-widget-wrap elementor-element-populated\">\n\t\t\t\t\t\t<div class=\"elementor-element elementor-element-66d95163 elementor-widget elementor-widget-image\" data-id=\"66d95163\" data-element_type=\"widget\" data-widget_type=\"image.default\">\n\t\t\t\t<div class=\"elementor-widget-container\">\n\t\t\t\t\t\t\t\t\t\t\t\t\t\t\t<img loading=\"lazy\" decoding=\"async\" width=\"400\" height=\"400\" src=\"https:\/\/www.freedom-mu.com\/wp-content\/uploads\/2022\/11\/400-mobility-home.jpg\" class=\"attachment-large size-large wp-image-190\" alt=\"\" srcset=\"https:\/\/www.freedom-mu.com\/wp-content\/uploads\/2022\/11\/400-mobility-home.jpg 400w, https:\/\/www.freedom-mu.com\/wp-content\/uploads\/2022\/11\/400-mobility-home-300x300.jpg 300w, https:\/\/www.freedom-mu.com\/wp-content\/uploads\/2022\/11\/400-mobility-home-150x150.jpg 150w\" sizes=\"(max-width: 400px) 100vw, 400px\" \/>\t\t\t\t\t\t\t\t\t\t\t\t\t\t\t<\/div>\n\t\t\t\t<\/div>\n\t\t\t\t\t<\/div>\n\t\t<\/div>\n\t\t\t\t\t<\/div>\n\t\t<\/section>\n\t\t\t\t<\/div>\n\t\t","protected":false},"excerpt":{"rendered":"<p>L&#8217;art de rester libreautonome ind\u00e9pendant en toute s\u00e9curit\u00e9Bouton SOSGPSHaut-parleur Microphone VoirSECURITEEn cas de chute ou de malaiseVoirEXPERTISEUn professionnel \u00e0 disposition 7j\/724h\/24voir Pr\u00e9c\u00e9dent Suivant 24\/7 R\u00e9activit\u00e9 Flexibilit\u00e9 Simplicit\u00e9 Un op\u00e9rateur de t\u00e9l\u00e9assistance disponible 24\/24, 7 jours sur 7 Un op\u00e9rateur vous contacte quelques secondes apr\u00e8s votre alerte Adapt\u00e9 pour tout type de logement, appartement ou maison [&hellip;]<\/p>\n","protected":false},"author":1,"featured_media":0,"parent":0,"menu_order":0,"comment_status":"closed","ping_status":"closed","template":"","meta":{"footnotes":""},"class_list":["post-546","page","type-page","status-publish","hentry"],"_links":{"self":[{"href":"https:\/\/www.freedom-mu.com\/index.php\/wp-json\/wp\/v2\/pages\/546","targetHints":{"allow":["GET"]}}],"collection":[{"href":"https:\/\/www.freedom-mu.com\/index.php\/wp-json\/wp\/v2\/pages"}],"about":[{"href":"https:\/\/www.freedom-mu.com\/index.php\/wp-json\/wp\/v2\/types\/page"}],"author":[{"embeddable":true,"href":"https:\/\/www.freedom-mu.com\/index.php\/wp-json\/wp\/v2\/users\/1"}],"replies":[{"embeddable":true,"href":"https:\/\/www.freedom-mu.com\/index.php\/wp-json\/wp\/v2\/comments?post=546"}],"version-history":[{"count":4,"href":"https:\/\/www.freedom-mu.com\/index.php\/wp-json\/wp\/v2\/pages\/546\/revisions"}],"predecessor-version":[{"id":550,"href":"https:\/\/www.freedom-mu.com\/index.php\/wp-json\/wp\/v2\/pages\/546\/revisions\/550"}],"wp:attachment":[{"href":"https:\/\/www.freedom-mu.com\/index.php\/wp-json\/wp\/v2\/media?parent=546"}],"curies":[{"name":"wp","href":"https:\/\/api.w.org\/{rel}","templated":true}]}}