{"id":558,"date":"2022-11-24T06:23:13","date_gmt":"2022-11-24T05:23:13","guid":{"rendered":"http:\/\/www.freedom-mu.com\/?page_id=558"},"modified":"2022-12-13T11:39:35","modified_gmt":"2022-12-13T10:39:35","slug":"freedom-home-night","status":"publish","type":"page","link":"https:\/\/www.freedom-mu.com\/index.php\/freedom-home-night\/","title":{"rendered":"Freedom Home NIGHT"},"content":{"rendered":"\t\t<div data-elementor-type=\"wp-page\" data-elementor-id=\"558\" class=\"elementor elementor-558\" data-elementor-post-type=\"page\">\n\t\t\t\t\t\t<section class=\"elementor-section elementor-top-section elementor-element elementor-element-7eb6cf1 elementor-section-boxed elementor-section-height-default elementor-section-height-default\" data-id=\"7eb6cf1\" data-element_type=\"section\">\n\t\t\t\t\t\t<div class=\"elementor-container elementor-column-gap-default\">\n\t\t\t\t\t<div class=\"elementor-column elementor-col-100 elementor-top-column elementor-element elementor-element-806af4b\" data-id=\"806af4b\" data-element_type=\"column\">\n\t\t\t<div class=\"elementor-widget-wrap elementor-element-populated\">\n\t\t\t\t\t\t<div class=\"elementor-element elementor-element-18454b5 elementor-widget elementor-widget-spacer\" data-id=\"18454b5\" data-element_type=\"widget\" data-widget_type=\"spacer.default\">\n\t\t\t\t<div class=\"elementor-widget-container\">\n\t\t\t\t\t\t\t<div class=\"elementor-spacer\">\n\t\t\t<div class=\"elementor-spacer-inner\"><\/div>\n\t\t<\/div>\n\t\t\t\t\t\t<\/div>\n\t\t\t\t<\/div>\n\t\t\t\t<div class=\"elementor-element elementor-element-24023aa elementor-widget elementor-widget-spacer\" data-id=\"24023aa\" data-element_type=\"widget\" data-widget_type=\"spacer.default\">\n\t\t\t\t<div class=\"elementor-widget-container\">\n\t\t\t\t\t\t\t<div class=\"elementor-spacer\">\n\t\t\t<div class=\"elementor-spacer-inner\"><\/div>\n\t\t<\/div>\n\t\t\t\t\t\t<\/div>\n\t\t\t\t<\/div>\n\t\t\t\t\t<\/div>\n\t\t<\/div>\n\t\t\t\t\t<\/div>\n\t\t<\/section>\n\t\t\t\t<section class=\"elementor-section elementor-top-section elementor-element elementor-element-810dac4 elementor-section-boxed elementor-section-height-default elementor-section-height-default\" data-id=\"810dac4\" data-element_type=\"section\" data-settings=\"{&quot;background_background&quot;:&quot;classic&quot;}\">\n\t\t\t\t\t\t<div class=\"elementor-container elementor-column-gap-default\">\n\t\t\t\t\t<div class=\"elementor-column elementor-col-66 elementor-top-column elementor-element elementor-element-2593e36\" data-id=\"2593e36\" data-element_type=\"column\">\n\t\t\t<div class=\"elementor-widget-wrap elementor-element-populated\">\n\t\t\t\t\t\t<div class=\"elementor-element elementor-element-2848479 elementor-widget elementor-widget-heading\" data-id=\"2848479\" data-element_type=\"widget\" data-widget_type=\"heading.default\">\n\t\t\t\t<div class=\"elementor-widget-container\">\n\t\t\t\t\t<h1 class=\"elementor-heading-title elementor-size-default\">Freedom Home NIGHT<\/h1>\t\t\t\t<\/div>\n\t\t\t\t<\/div>\n\t\t\t\t<div class=\"elementor-element elementor-element-f403324 elementor-widget elementor-widget-image\" data-id=\"f403324\" data-element_type=\"widget\" data-widget_type=\"image.default\">\n\t\t\t\t<div class=\"elementor-widget-container\">\n\t\t\t\t\t\t\t\t\t\t\t\t\t\t\t<img fetchpriority=\"high\" decoding=\"async\" width=\"800\" height=\"350\" src=\"https:\/\/www.freedom-mu.com\/wp-content\/uploads\/2022\/11\/Slider-home-night-1024x448.jpg\" class=\"attachment-large size-large wp-image-560\" alt=\"Dormir en toute s\u00e9curit\u00e9 avec Freedom Home NIGHT\" srcset=\"https:\/\/www.freedom-mu.com\/wp-content\/uploads\/2022\/11\/Slider-home-night-1024x448.jpg 1024w, https:\/\/www.freedom-mu.com\/wp-content\/uploads\/2022\/11\/Slider-home-night-300x131.jpg 300w, https:\/\/www.freedom-mu.com\/wp-content\/uploads\/2022\/11\/Slider-home-night-768x336.jpg 768w, https:\/\/www.freedom-mu.com\/wp-content\/uploads\/2022\/11\/Slider-home-night-1536x672.jpg 1536w, https:\/\/www.freedom-mu.com\/wp-content\/uploads\/2022\/11\/Slider-home-night.jpg 1600w\" sizes=\"(max-width: 800px) 100vw, 800px\" \/>\t\t\t\t\t\t\t\t\t\t\t\t\t\t\t<\/div>\n\t\t\t\t<\/div>\n\t\t\t\t\t<\/div>\n\t\t<\/div>\n\t\t\t\t<div class=\"elementor-column elementor-col-33 elementor-top-column elementor-element elementor-element-f567dcf\" data-id=\"f567dcf\" data-element_type=\"column\">\n\t\t\t<div class=\"elementor-widget-wrap elementor-element-populated\">\n\t\t\t\t\t\t<div class=\"elementor-element elementor-element-21bb201 elementor-widget elementor-widget-text-editor\" data-id=\"21bb201\" data-element_type=\"widget\" data-widget_type=\"text-editor.default\">\n\t\t\t\t<div class=\"elementor-widget-container\">\n\t\t\t\t\t\t\t\t\t<h2 class=\"elementor-heading-title elementor-size-default\">Le syst\u00e8me d\u2019alerte intelligent <br \/><br \/><br \/><\/h2><h3 class=\"elementor-heading-title elementor-size-default\">D\u00e9tecte automatiquement une chute la nuit<\/h3>\t\t\t\t\t\t\t\t<\/div>\n\t\t\t\t<\/div>\n\t\t\t\t\t<\/div>\n\t\t<\/div>\n\t\t\t\t\t<\/div>\n\t\t<\/section>\n\t\t\t\t<section class=\"elementor-section elementor-top-section elementor-element elementor-element-6f89546 elementor-section-boxed elementor-section-height-default elementor-section-height-default\" data-id=\"6f89546\" data-element_type=\"section\">\n\t\t\t\t\t\t<div class=\"elementor-container elementor-column-gap-default\">\n\t\t\t\t\t<div class=\"elementor-column elementor-col-50 elementor-top-column elementor-element elementor-element-26369a5\" data-id=\"26369a5\" data-element_type=\"column\">\n\t\t\t<div class=\"elementor-widget-wrap elementor-element-populated\">\n\t\t\t\t\t\t<div class=\"elementor-element elementor-element-e484f2f elementor-widget elementor-widget-spacer\" data-id=\"e484f2f\" data-element_type=\"widget\" data-widget_type=\"spacer.default\">\n\t\t\t\t<div class=\"elementor-widget-container\">\n\t\t\t\t\t\t\t<div class=\"elementor-spacer\">\n\t\t\t<div class=\"elementor-spacer-inner\"><\/div>\n\t\t<\/div>\n\t\t\t\t\t\t<\/div>\n\t\t\t\t<\/div>\n\t\t\t\t<div class=\"elementor-element elementor-element-9cae22d elementor-widget elementor-widget-image\" data-id=\"9cae22d\" data-element_type=\"widget\" data-widget_type=\"image.default\">\n\t\t\t\t<div class=\"elementor-widget-container\">\n\t\t\t\t\t\t\t\t\t\t\t\t\t\t\t<img decoding=\"async\" width=\"600\" height=\"100\" src=\"https:\/\/www.freedom-mu.com\/wp-content\/uploads\/2022\/11\/600x100-Freedom-Home-NIGHT.jpg\" class=\"attachment-large size-large wp-image-574\" alt=\"Freedom Home NIGHT\" srcset=\"https:\/\/www.freedom-mu.com\/wp-content\/uploads\/2022\/11\/600x100-Freedom-Home-NIGHT.jpg 600w, https:\/\/www.freedom-mu.com\/wp-content\/uploads\/2022\/11\/600x100-Freedom-Home-NIGHT-300x50.jpg 300w\" sizes=\"(max-width: 600px) 100vw, 600px\" \/>\t\t\t\t\t\t\t\t\t\t\t\t\t\t\t<\/div>\n\t\t\t\t<\/div>\n\t\t\t\t<div class=\"elementor-element elementor-element-b887e28 elementor-widget elementor-widget-text-editor\" data-id=\"b887e28\" data-element_type=\"widget\" data-widget_type=\"text-editor.default\">\n\t\t\t\t<div class=\"elementor-widget-container\">\n\t\t\t\t\t\t\t\t\t<ul><li><strong>S\u00e9curit\u00e9 24h\/24<\/strong> \u00e0 domicile\u00a0 avec bouton d&#8217;alarme<\/li><li>Alerte des proches ou de la centrale d&#8217;appel d&#8217;urgence<\/li><li><strong>Bracelet d&#8217;alarme<\/strong><\/li><li><strong>Application mobile gratuite<\/strong> pour \u00e9changer avec la centrale d&#8217;urgence et pr\u00e9venir vos proches<\/li><li>D\u00e9tecteur sous le matelas<\/li><\/ul>\t\t\t\t\t\t\t\t<\/div>\n\t\t\t\t<\/div>\n\t\t\t\t<div class=\"elementor-element elementor-element-aacc016 elementor-widget elementor-widget-image\" data-id=\"aacc016\" data-element_type=\"widget\" data-widget_type=\"image.default\">\n\t\t\t\t<div class=\"elementor-widget-container\">\n\t\t\t\t\t\t\t\t\t\t\t\t\t\t\t<img decoding=\"async\" width=\"400\" height=\"50\" src=\"https:\/\/www.freedom-mu.com\/wp-content\/uploads\/2022\/11\/Prix-1499.jpg\" class=\"attachment-large size-large wp-image-562\" alt=\"\" srcset=\"https:\/\/www.freedom-mu.com\/wp-content\/uploads\/2022\/11\/Prix-1499.jpg 400w, https:\/\/www.freedom-mu.com\/wp-content\/uploads\/2022\/11\/Prix-1499-300x38.jpg 300w\" sizes=\"(max-width: 400px) 100vw, 400px\" \/>\t\t\t\t\t\t\t\t\t\t\t\t\t\t\t<\/div>\n\t\t\t\t<\/div>\n\t\t\t\t\t<\/div>\n\t\t<\/div>\n\t\t\t\t<div class=\"elementor-column elementor-col-50 elementor-top-column elementor-element elementor-element-f90c205\" data-id=\"f90c205\" data-element_type=\"column\">\n\t\t\t<div class=\"elementor-widget-wrap elementor-element-populated\">\n\t\t\t\t\t\t<div class=\"elementor-element elementor-element-768ea8b elementor-widget elementor-widget-spacer\" data-id=\"768ea8b\" data-element_type=\"widget\" data-widget_type=\"spacer.default\">\n\t\t\t\t<div class=\"elementor-widget-container\">\n\t\t\t\t\t\t\t<div class=\"elementor-spacer\">\n\t\t\t<div class=\"elementor-spacer-inner\"><\/div>\n\t\t<\/div>\n\t\t\t\t\t\t<\/div>\n\t\t\t\t<\/div>\n\t\t\t\t<div class=\"elementor-element elementor-element-752e1e1 elementor-widget elementor-widget-image\" data-id=\"752e1e1\" data-element_type=\"widget\" data-widget_type=\"image.default\">\n\t\t\t\t<div class=\"elementor-widget-container\">\n\t\t\t\t\t\t\t\t\t\t\t\t\t\t\t<img loading=\"lazy\" decoding=\"async\" width=\"600\" height=\"400\" src=\"https:\/\/www.freedom-mu.com\/wp-content\/uploads\/2022\/11\/600x400-Freedom-Home-NIGHT.jpg\" class=\"attachment-large size-large wp-image-602\" alt=\"Freedom Home NIGHT boitier et accessoires\" srcset=\"https:\/\/www.freedom-mu.com\/wp-content\/uploads\/2022\/11\/600x400-Freedom-Home-NIGHT.jpg 600w, https:\/\/www.freedom-mu.com\/wp-content\/uploads\/2022\/11\/600x400-Freedom-Home-NIGHT-300x200.jpg 300w\" sizes=\"(max-width: 600px) 100vw, 600px\" \/>\t\t\t\t\t\t\t\t\t\t\t\t\t\t\t<\/div>\n\t\t\t\t<\/div>\n\t\t\t\t\t<\/div>\n\t\t<\/div>\n\t\t\t\t\t<\/div>\n\t\t<\/section>\n\t\t\t\t<section class=\"elementor-section elementor-top-section elementor-element elementor-element-be509f0 elementor-section-boxed elementor-section-height-default elementor-section-height-default\" data-id=\"be509f0\" data-element_type=\"section\">\n\t\t\t\t\t\t<div class=\"elementor-container elementor-column-gap-default\">\n\t\t\t\t\t<div class=\"elementor-column elementor-col-50 elementor-top-column elementor-element elementor-element-9bd8985\" data-id=\"9bd8985\" data-element_type=\"column\">\n\t\t\t<div class=\"elementor-widget-wrap elementor-element-populated\">\n\t\t\t\t\t\t<div class=\"elementor-element elementor-element-e8fad47 elementor-widget elementor-widget-image\" data-id=\"e8fad47\" data-element_type=\"widget\" data-widget_type=\"image.default\">\n\t\t\t\t<div class=\"elementor-widget-container\">\n\t\t\t\t\t\t\t\t\t\t\t\t\t\t\t<img loading=\"lazy\" decoding=\"async\" width=\"600\" height=\"600\" src=\"https:\/\/www.freedom-mu.com\/wp-content\/uploads\/2022\/11\/Home-NIGHT-Chambre-detecteur.jpg\" class=\"attachment-large size-large wp-image-563\" alt=\"D\u00e9tecteur de chute sous le matelas Freedom Home NIGHT\" srcset=\"https:\/\/www.freedom-mu.com\/wp-content\/uploads\/2022\/11\/Home-NIGHT-Chambre-detecteur.jpg 600w, https:\/\/www.freedom-mu.com\/wp-content\/uploads\/2022\/11\/Home-NIGHT-Chambre-detecteur-300x300.jpg 300w, https:\/\/www.freedom-mu.com\/wp-content\/uploads\/2022\/11\/Home-NIGHT-Chambre-detecteur-150x150.jpg 150w\" sizes=\"(max-width: 600px) 100vw, 600px\" \/>\t\t\t\t\t\t\t\t\t\t\t\t\t\t\t<\/div>\n\t\t\t\t<\/div>\n\t\t\t\t\t<\/div>\n\t\t<\/div>\n\t\t\t\t<div class=\"elementor-column elementor-col-50 elementor-top-column elementor-element elementor-element-5718710\" data-id=\"5718710\" data-element_type=\"column\">\n\t\t\t<div class=\"elementor-widget-wrap elementor-element-populated\">\n\t\t\t\t\t\t<div class=\"elementor-element elementor-element-e201937 elementor-widget elementor-widget-heading\" data-id=\"e201937\" data-element_type=\"widget\" data-widget_type=\"heading.default\">\n\t\t\t\t<div class=\"elementor-widget-container\">\n\t\t\t\t\t<h2 class=\"elementor-heading-title elementor-size-default\">The Freedom NIGHT kit includes<\/h2>\t\t\t\t<\/div>\n\t\t\t\t<\/div>\n\t\t\t\t<div class=\"elementor-element elementor-element-3f2aa68 elementor-widget elementor-widget-spacer\" data-id=\"3f2aa68\" data-element_type=\"widget\" data-widget_type=\"spacer.default\">\n\t\t\t\t<div class=\"elementor-widget-container\">\n\t\t\t\t\t\t\t<div class=\"elementor-spacer\">\n\t\t\t<div class=\"elementor-spacer-inner\"><\/div>\n\t\t<\/div>\n\t\t\t\t\t\t<\/div>\n\t\t\t\t<\/div>\n\t\t\t\t<section class=\"elementor-section elementor-inner-section elementor-element elementor-element-c908e50 elementor-section-boxed elementor-section-height-default elementor-section-height-default\" data-id=\"c908e50\" data-element_type=\"section\">\n\t\t\t\t\t\t<div class=\"elementor-container elementor-column-gap-default\">\n\t\t\t\t\t<div class=\"elementor-column elementor-col-50 elementor-inner-column elementor-element elementor-element-8d90c1b\" data-id=\"8d90c1b\" data-element_type=\"column\">\n\t\t\t<div class=\"elementor-widget-wrap elementor-element-populated\">\n\t\t\t\t\t\t<div class=\"elementor-element elementor-element-1bbd63a elementor-widget elementor-widget-text-editor\" data-id=\"1bbd63a\" data-element_type=\"widget\" data-widget_type=\"text-editor.default\">\n\t\t\t\t<div class=\"elementor-widget-container\">\n\t\t\t\t\t\t\t\t\t<h3>Panic button<\/h3><ul><li><strong>Range: 300m<\/strong><br \/>You can move around, you are protected even in your garden<\/li><li><strong>100% waterproof <br \/><\/strong>Keep it in the shower<\/li><li><strong>Battery life<\/strong>: 5 years<br \/>We replace it preventively thanks to our remote monitoring system.<\/li><\/ul><h3>Central unit<\/h3><ul><li>Commands the system via Bluetooh technology.<\/li><li>Safety features: built-in battery to remain safe even without electricity for up de 24 hours.<\/li><li>Saves energy: 5-year battery<\/li><\/ul>\t\t\t\t\t\t\t\t<\/div>\n\t\t\t\t<\/div>\n\t\t\t\t\t<\/div>\n\t\t<\/div>\n\t\t\t\t<div class=\"elementor-column elementor-col-50 elementor-inner-column elementor-element elementor-element-4cc33da\" data-id=\"4cc33da\" data-element_type=\"column\">\n\t\t\t<div class=\"elementor-widget-wrap elementor-element-populated\">\n\t\t\t\t\t\t<div class=\"elementor-element elementor-element-1fd048e elementor-widget elementor-widget-text-editor\" data-id=\"1fd048e\" data-element_type=\"widget\" data-widget_type=\"text-editor.default\">\n\t\t\t\t<div class=\"elementor-widget-container\">\n\t\t\t\t\t\t\t\t\t<h3>Presence detector<\/h3><ul><li><strong>Placed under the mattress<\/strong><br \/>It can detect a fall, discomfort, as well as failure to return to bed during the night<\/li><\/ul><p>\u00a0<\/p><ul><li><strong>Automatic alert<br \/><\/strong>Thanks to the artificial intelligence, abnormalities are detected and the system alerts relatives or the emergency call centre.<\/li><\/ul>\t\t\t\t\t\t\t\t<\/div>\n\t\t\t\t<\/div>\n\t\t\t\t\t<\/div>\n\t\t<\/div>\n\t\t\t\t\t<\/div>\n\t\t<\/section>\n\t\t\t\t\t<\/div>\n\t\t<\/div>\n\t\t\t\t\t<\/div>\n\t\t<\/section>\n\t\t\t\t<section class=\"elementor-section elementor-top-section elementor-element elementor-element-a223625 elementor-section-boxed elementor-section-height-default elementor-section-height-default\" data-id=\"a223625\" data-element_type=\"section\">\n\t\t\t\t\t\t<div class=\"elementor-container elementor-column-gap-default\">\n\t\t\t\t\t<div class=\"elementor-column elementor-col-50 elementor-top-column elementor-element elementor-element-e393fee\" data-id=\"e393fee\" data-element_type=\"column\">\n\t\t\t<div class=\"elementor-widget-wrap elementor-element-populated\">\n\t\t\t\t\t\t<div class=\"elementor-element elementor-element-8dc7a62 elementor-widget elementor-widget-spacer\" data-id=\"8dc7a62\" data-element_type=\"widget\" data-widget_type=\"spacer.default\">\n\t\t\t\t<div class=\"elementor-widget-container\">\n\t\t\t\t\t\t\t<div class=\"elementor-spacer\">\n\t\t\t<div class=\"elementor-spacer-inner\"><\/div>\n\t\t<\/div>\n\t\t\t\t\t\t<\/div>\n\t\t\t\t<\/div>\n\t\t\t\t<div class=\"elementor-element elementor-element-353a162 elementor-widget elementor-widget-text-editor\" data-id=\"353a162\" data-element_type=\"widget\" data-widget_type=\"text-editor.default\">\n\t\t\t\t<div class=\"elementor-widget-container\">\n\t\t\t\t\t\t\t\t\t<h4>Check also our Freedom alternatives<\/h4>\t\t\t\t\t\t\t\t<\/div>\n\t\t\t\t<\/div>\n\t\t\t\t<section class=\"elementor-section elementor-inner-section elementor-element elementor-element-bea7cfd elementor-section-boxed elementor-section-height-default elementor-section-height-default\" data-id=\"bea7cfd\" data-element_type=\"section\">\n\t\t\t\t\t\t<div class=\"elementor-container elementor-column-gap-default\">\n\t\t\t\t\t<div class=\"elementor-column elementor-col-50 elementor-inner-column elementor-element elementor-element-6fd013f\" data-id=\"6fd013f\" data-element_type=\"column\">\n\t\t\t<div class=\"elementor-widget-wrap elementor-element-populated\">\n\t\t\t\t\t\t<div class=\"elementor-element elementor-element-e3f5efa elementor-widget elementor-widget-image\" data-id=\"e3f5efa\" data-element_type=\"widget\" data-widget_type=\"image.default\">\n\t\t\t\t<div class=\"elementor-widget-container\">\n\t\t\t\t\t\t\t\t\t\t\t\t\t\t\t\t<a href=\"\/index.php\/freedom-home-night\/\">\n\t\t\t\t\t\t\t<img loading=\"lazy\" decoding=\"async\" width=\"200\" height=\"200\" src=\"https:\/\/www.freedom-mu.com\/wp-content\/uploads\/2022\/11\/200X200-Freedom-home-START.jpg\" class=\"attachment-large size-large wp-image-623\" alt=\"Freedom Home Start Kit with panic button\" srcset=\"https:\/\/www.freedom-mu.com\/wp-content\/uploads\/2022\/11\/200X200-Freedom-home-START.jpg 200w, https:\/\/www.freedom-mu.com\/wp-content\/uploads\/2022\/11\/200X200-Freedom-home-START-150x150.jpg 150w\" sizes=\"(max-width: 200px) 100vw, 200px\" \/>\t\t\t\t\t\t\t\t<\/a>\n\t\t\t\t\t\t\t\t\t\t\t\t\t\t\t<\/div>\n\t\t\t\t<\/div>\n\t\t\t\t\t<\/div>\n\t\t<\/div>\n\t\t\t\t<div class=\"elementor-column elementor-col-50 elementor-inner-column elementor-element elementor-element-bc9fcce\" data-id=\"bc9fcce\" data-element_type=\"column\">\n\t\t\t<div class=\"elementor-widget-wrap elementor-element-populated\">\n\t\t\t\t\t\t<div class=\"elementor-element elementor-element-8b2d4c4 elementor-widget elementor-widget-image\" data-id=\"8b2d4c4\" data-element_type=\"widget\" data-widget_type=\"image.default\">\n\t\t\t\t<div class=\"elementor-widget-container\">\n\t\t\t\t\t\t\t\t\t\t\t\t\t\t\t\t<a href=\"\/index.php\/freedom-home-360\/\">\n\t\t\t\t\t\t\t<img loading=\"lazy\" decoding=\"async\" width=\"200\" height=\"200\" src=\"https:\/\/www.freedom-mu.com\/wp-content\/uploads\/2022\/11\/200x200-Freedom-home-360.jpg\" class=\"attachment-large size-large wp-image-624\" alt=\"Freedom Home 360\u00b0 full protection for seniors at home\" srcset=\"https:\/\/www.freedom-mu.com\/wp-content\/uploads\/2022\/11\/200x200-Freedom-home-360.jpg 200w, https:\/\/www.freedom-mu.com\/wp-content\/uploads\/2022\/11\/200x200-Freedom-home-360-150x150.jpg 150w\" sizes=\"(max-width: 200px) 100vw, 200px\" \/>\t\t\t\t\t\t\t\t<\/a>\n\t\t\t\t\t\t\t\t\t\t\t\t\t\t\t<\/div>\n\t\t\t\t<\/div>\n\t\t\t\t\t<\/div>\n\t\t<\/div>\n\t\t\t\t\t<\/div>\n\t\t<\/section>\n\t\t\t\t<div class=\"elementor-element elementor-element-401d87f elementor-widget elementor-widget-image\" data-id=\"401d87f\" data-element_type=\"widget\" data-widget_type=\"image.default\">\n\t\t\t\t<div class=\"elementor-widget-container\">\n\t\t\t\t\t\t\t\t\t\t\t\t\t\t\t<img loading=\"lazy\" decoding=\"async\" width=\"200\" height=\"200\" src=\"https:\/\/www.freedom-mu.com\/wp-content\/uploads\/2022\/11\/200x200-Freedom-Mobility.jpg\" class=\"attachment-large size-large wp-image-626\" alt=\"Freedom Mobility an offer of safety with a connected watch\" srcset=\"https:\/\/www.freedom-mu.com\/wp-content\/uploads\/2022\/11\/200x200-Freedom-Mobility.jpg 200w, https:\/\/www.freedom-mu.com\/wp-content\/uploads\/2022\/11\/200x200-Freedom-Mobility-150x150.jpg 150w\" sizes=\"(max-width: 200px) 100vw, 200px\" \/>\t\t\t\t\t\t\t\t\t\t\t\t\t\t\t<\/div>\n\t\t\t\t<\/div>\n\t\t\t\t\t<\/div>\n\t\t<\/div>\n\t\t\t\t<div class=\"elementor-column elementor-col-50 elementor-top-column elementor-element elementor-element-0e21c06\" data-id=\"0e21c06\" data-element_type=\"column\">\n\t\t\t<div class=\"elementor-widget-wrap elementor-element-populated\">\n\t\t\t\t\t\t<div class=\"elementor-element elementor-element-cbf83b2 elementor-widget elementor-widget-spacer\" data-id=\"cbf83b2\" data-element_type=\"widget\" data-widget_type=\"spacer.default\">\n\t\t\t\t<div class=\"elementor-widget-container\">\n\t\t\t\t\t\t\t<div class=\"elementor-spacer\">\n\t\t\t<div class=\"elementor-spacer-inner\"><\/div>\n\t\t<\/div>\n\t\t\t\t\t\t<\/div>\n\t\t\t\t<\/div>\n\t\t\t\t<div class=\"elementor-element elementor-element-00a0869 elementor-widget elementor-widget-text-editor\" data-id=\"00a0869\" data-element_type=\"widget\" data-widget_type=\"text-editor.default\">\n\t\t\t\t<div class=\"elementor-widget-container\">\n\t\t\t\t\t\t\t\t\t<p>Pour plus d&#8217;information, <a href=\"\/contact\/\" target=\"_blank\" rel=\"noopener\">contactez-nous<\/a> <br \/>ou appelez-nous directement<\/p>\t\t\t\t\t\t\t\t<\/div>\n\t\t\t\t<\/div>\n\t\t\t\t<div class=\"elementor-element elementor-element-8c634a3 elementor-widget elementor-widget-image\" data-id=\"8c634a3\" data-element_type=\"widget\" data-widget_type=\"image.default\">\n\t\t\t\t<div class=\"elementor-widget-container\">\n\t\t\t\t\t\t\t\t\t\t\t\t\t\t\t<img loading=\"lazy\" decoding=\"async\" width=\"200\" height=\"200\" src=\"https:\/\/www.freedom-mu.com\/wp-content\/uploads\/2022\/11\/Bulle-Contact.jpg\" class=\"attachment-large size-large wp-image-176\" alt=\"Contact Freedom Mauritius\" srcset=\"https:\/\/www.freedom-mu.com\/wp-content\/uploads\/2022\/11\/Bulle-Contact.jpg 200w, https:\/\/www.freedom-mu.com\/wp-content\/uploads\/2022\/11\/Bulle-Contact-150x150.jpg 150w\" sizes=\"(max-width: 200px) 100vw, 200px\" \/>\t\t\t\t\t\t\t\t\t\t\t\t\t\t\t<\/div>\n\t\t\t\t<\/div>\n\t\t\t\t\t<\/div>\n\t\t<\/div>\n\t\t\t\t\t<\/div>\n\t\t<\/section>\n\t\t\t\t<\/div>\n\t\t","protected":false},"excerpt":{"rendered":"<p>Freedom Home NIGHT Le syst\u00e8me d\u2019alerte intelligent D\u00e9tecte automatiquement une chute la nuit S\u00e9curit\u00e9 24h\/24 \u00e0 domicile\u00a0 avec bouton d&#8217;alarme Alerte des proches ou de la centrale d&#8217;appel d&#8217;urgence Bracelet d&#8217;alarme Application mobile gratuite pour \u00e9changer avec la centrale d&#8217;urgence et pr\u00e9venir vos proches D\u00e9tecteur sous le matelas The Freedom NIGHT kit includes Panic button [&hellip;]<\/p>\n","protected":false},"author":1,"featured_media":0,"parent":0,"menu_order":0,"comment_status":"closed","ping_status":"closed","template":"","meta":{"footnotes":""},"class_list":["post-558","page","type-page","status-publish","hentry"],"_links":{"self":[{"href":"https:\/\/www.freedom-mu.com\/index.php\/wp-json\/wp\/v2\/pages\/558","targetHints":{"allow":["GET"]}}],"collection":[{"href":"https:\/\/www.freedom-mu.com\/index.php\/wp-json\/wp\/v2\/pages"}],"about":[{"href":"https:\/\/www.freedom-mu.com\/index.php\/wp-json\/wp\/v2\/types\/page"}],"author":[{"embeddable":true,"href":"https:\/\/www.freedom-mu.com\/index.php\/wp-json\/wp\/v2\/users\/1"}],"replies":[{"embeddable":true,"href":"https:\/\/www.freedom-mu.com\/index.php\/wp-json\/wp\/v2\/comments?post=558"}],"version-history":[{"count":31,"href":"https:\/\/www.freedom-mu.com\/index.php\/wp-json\/wp\/v2\/pages\/558\/revisions"}],"predecessor-version":[{"id":713,"href":"https:\/\/www.freedom-mu.com\/index.php\/wp-json\/wp\/v2\/pages\/558\/revisions\/713"}],"wp:attachment":[{"href":"https:\/\/www.freedom-mu.com\/index.php\/wp-json\/wp\/v2\/media?parent=558"}],"curies":[{"name":"wp","href":"https:\/\/api.w.org\/{rel}","templated":true}]}}