{"id":569,"date":"2022-11-24T08:11:54","date_gmt":"2022-11-24T07:11:54","guid":{"rendered":"http:\/\/www.freedom-mu.com\/?page_id=569"},"modified":"2022-12-13T11:42:45","modified_gmt":"2022-12-13T10:42:45","slug":"freedom-home-360","status":"publish","type":"page","link":"https:\/\/www.freedom-mu.com\/index.php\/freedom-home-360\/","title":{"rendered":"Freedom Home 360\u00b0"},"content":{"rendered":"\t\t<div data-elementor-type=\"wp-page\" data-elementor-id=\"569\" class=\"elementor elementor-569\" data-elementor-post-type=\"page\">\n\t\t\t\t\t\t<section class=\"elementor-section elementor-top-section elementor-element elementor-element-3030dc9 elementor-section-boxed elementor-section-height-default elementor-section-height-default\" data-id=\"3030dc9\" data-element_type=\"section\">\n\t\t\t\t\t\t<div class=\"elementor-container elementor-column-gap-default\">\n\t\t\t\t\t<div class=\"elementor-column elementor-col-100 elementor-top-column elementor-element elementor-element-1f6ba49\" data-id=\"1f6ba49\" data-element_type=\"column\">\n\t\t\t<div class=\"elementor-widget-wrap elementor-element-populated\">\n\t\t\t\t\t\t<div class=\"elementor-element elementor-element-72608a7 elementor-widget elementor-widget-spacer\" data-id=\"72608a7\" data-element_type=\"widget\" data-widget_type=\"spacer.default\">\n\t\t\t\t<div class=\"elementor-widget-container\">\n\t\t\t\t\t\t\t<div class=\"elementor-spacer\">\n\t\t\t<div class=\"elementor-spacer-inner\"><\/div>\n\t\t<\/div>\n\t\t\t\t\t\t<\/div>\n\t\t\t\t<\/div>\n\t\t\t\t\t<\/div>\n\t\t<\/div>\n\t\t\t\t\t<\/div>\n\t\t<\/section>\n\t\t\t\t<section class=\"elementor-section elementor-top-section elementor-element elementor-element-1b98564 elementor-section-boxed elementor-section-height-default elementor-section-height-default\" data-id=\"1b98564\" data-element_type=\"section\" data-settings=\"{&quot;background_background&quot;:&quot;classic&quot;}\">\n\t\t\t\t\t\t<div class=\"elementor-container elementor-column-gap-default\">\n\t\t\t\t\t<div class=\"elementor-column elementor-col-66 elementor-top-column elementor-element elementor-element-aa02298\" data-id=\"aa02298\" data-element_type=\"column\">\n\t\t\t<div class=\"elementor-widget-wrap elementor-element-populated\">\n\t\t\t\t\t\t<div class=\"elementor-element elementor-element-2bc3a4f elementor-widget elementor-widget-heading\" data-id=\"2bc3a4f\" data-element_type=\"widget\" data-widget_type=\"heading.default\">\n\t\t\t\t<div class=\"elementor-widget-container\">\n\t\t\t\t\t<h2 class=\"elementor-heading-title elementor-size-default\">Freedom Home 360\u00b0<\/h2>\t\t\t\t<\/div>\n\t\t\t\t<\/div>\n\t\t\t\t<div class=\"elementor-element elementor-element-ece3556 elementor-widget elementor-widget-image\" data-id=\"ece3556\" data-element_type=\"widget\" data-widget_type=\"image.default\">\n\t\t\t\t<div class=\"elementor-widget-container\">\n\t\t\t\t\t\t\t\t\t\t\t\t\t\t\t<img fetchpriority=\"high\" decoding=\"async\" width=\"800\" height=\"350\" src=\"https:\/\/www.freedom-mu.com\/wp-content\/uploads\/2022\/11\/SLIDER-Home-360-1024x448.jpg\" class=\"attachment-large size-large wp-image-571\" alt=\"Freedom Home 360\u00b0 protection totale et multiples d\u00e9tecteurs d&#039;alerte\" srcset=\"https:\/\/www.freedom-mu.com\/wp-content\/uploads\/2022\/11\/SLIDER-Home-360-1024x448.jpg 1024w, https:\/\/www.freedom-mu.com\/wp-content\/uploads\/2022\/11\/SLIDER-Home-360-300x131.jpg 300w, https:\/\/www.freedom-mu.com\/wp-content\/uploads\/2022\/11\/SLIDER-Home-360-768x336.jpg 768w, https:\/\/www.freedom-mu.com\/wp-content\/uploads\/2022\/11\/SLIDER-Home-360-1536x672.jpg 1536w, https:\/\/www.freedom-mu.com\/wp-content\/uploads\/2022\/11\/SLIDER-Home-360.jpg 1600w\" sizes=\"(max-width: 800px) 100vw, 800px\" \/>\t\t\t\t\t\t\t\t\t\t\t\t\t\t\t<\/div>\n\t\t\t\t<\/div>\n\t\t\t\t\t<\/div>\n\t\t<\/div>\n\t\t\t\t<div class=\"elementor-column elementor-col-33 elementor-top-column elementor-element elementor-element-df81ac7\" data-id=\"df81ac7\" data-element_type=\"column\">\n\t\t\t<div class=\"elementor-widget-wrap elementor-element-populated\">\n\t\t\t\t\t\t<div class=\"elementor-element elementor-element-aab77c5 elementor-widget elementor-widget-text-editor\" data-id=\"aab77c5\" data-element_type=\"widget\" data-widget_type=\"text-editor.default\">\n\t\t\t\t<div class=\"elementor-widget-container\">\n\t\t\t\t\t\t\t\t\t<h2>The intelligent alert system<\/h2><h3>Automatically detects any fall<\/h3><h3>NIGHT AND DAY protection<\/h3>\t\t\t\t\t\t\t\t<\/div>\n\t\t\t\t<\/div>\n\t\t\t\t\t<\/div>\n\t\t<\/div>\n\t\t\t\t\t<\/div>\n\t\t<\/section>\n\t\t\t\t<section class=\"elementor-section elementor-top-section elementor-element elementor-element-bd8229e elementor-section-boxed elementor-section-height-default elementor-section-height-default\" data-id=\"bd8229e\" data-element_type=\"section\">\n\t\t\t\t\t\t<div class=\"elementor-container elementor-column-gap-default\">\n\t\t\t\t\t<div class=\"elementor-column elementor-col-50 elementor-top-column elementor-element elementor-element-72bc415\" data-id=\"72bc415\" data-element_type=\"column\">\n\t\t\t<div class=\"elementor-widget-wrap elementor-element-populated\">\n\t\t\t\t\t\t<div class=\"elementor-element elementor-element-b78a8a7 elementor-widget elementor-widget-spacer\" data-id=\"b78a8a7\" data-element_type=\"widget\" data-widget_type=\"spacer.default\">\n\t\t\t\t<div class=\"elementor-widget-container\">\n\t\t\t\t\t\t\t<div class=\"elementor-spacer\">\n\t\t\t<div class=\"elementor-spacer-inner\"><\/div>\n\t\t<\/div>\n\t\t\t\t\t\t<\/div>\n\t\t\t\t<\/div>\n\t\t\t\t<div class=\"elementor-element elementor-element-a0feecc elementor-widget elementor-widget-image\" data-id=\"a0feecc\" data-element_type=\"widget\" data-widget_type=\"image.default\">\n\t\t\t\t<div class=\"elementor-widget-container\">\n\t\t\t\t\t\t\t\t\t\t\t\t\t\t\t<img decoding=\"async\" width=\"600\" height=\"100\" src=\"https:\/\/www.freedom-mu.com\/wp-content\/uploads\/2022\/11\/600x100-Freedom-Home-360.jpg\" class=\"attachment-large size-large wp-image-573\" alt=\"Freedom Home 360\u00b0\" srcset=\"https:\/\/www.freedom-mu.com\/wp-content\/uploads\/2022\/11\/600x100-Freedom-Home-360.jpg 600w, https:\/\/www.freedom-mu.com\/wp-content\/uploads\/2022\/11\/600x100-Freedom-Home-360-300x50.jpg 300w\" sizes=\"(max-width: 600px) 100vw, 600px\" \/>\t\t\t\t\t\t\t\t\t\t\t\t\t\t\t<\/div>\n\t\t\t\t<\/div>\n\t\t\t\t<div class=\"elementor-element elementor-element-fedf068 elementor-widget elementor-widget-text-editor\" data-id=\"fedf068\" data-element_type=\"widget\" data-widget_type=\"text-editor.default\">\n\t\t\t\t<div class=\"elementor-widget-container\">\n\t\t\t\t\t\t\t\t\t<p>Ce kit comprend:<\/p><ul><li><strong>L&#8217;unit\u00e9 centrale <\/strong>Bluetooth<\/li><li><strong>Le kit START<\/strong> avec bracelet d&#8217;alarme<\/li><li><strong>Le Kit NIGHT<\/strong> avec d\u00e9tecteur matelas<\/li><li><strong><strong>3 d\u00e9tecteurs<\/strong><\/strong> <strong>suppl\u00e9mentaires<\/strong><br \/>minimum dans la maison, aux endroits strat\u00e9giques (salle de bain par exemple)<\/li><li><strong>1 d\u00e9tecteur sur la porte<\/strong> D\u00e9tecte une sortie inhabituelle la nuit ou un non retour le jour<\/li><li><strong>Application mobile gratuite<\/strong> pour \u00e9changer avec la centrale d&#8217;urgence et pr\u00e9venir vos proches<\/li><\/ul>\t\t\t\t\t\t\t\t<\/div>\n\t\t\t\t<\/div>\n\t\t\t\t<div class=\"elementor-element elementor-element-f7eaca3 elementor-widget elementor-widget-image\" data-id=\"f7eaca3\" data-element_type=\"widget\" data-widget_type=\"image.default\">\n\t\t\t\t<div class=\"elementor-widget-container\">\n\t\t\t\t\t\t\t\t\t\t\t\t\t\t\t<img decoding=\"async\" width=\"400\" height=\"50\" src=\"https:\/\/www.freedom-mu.com\/wp-content\/uploads\/2022\/11\/Prix-home-1899.jpg\" class=\"attachment-large size-large wp-image-572\" alt=\"Prix Freedom Home 360\u00b0, Rs 1899\" srcset=\"https:\/\/www.freedom-mu.com\/wp-content\/uploads\/2022\/11\/Prix-home-1899.jpg 400w, https:\/\/www.freedom-mu.com\/wp-content\/uploads\/2022\/11\/Prix-home-1899-300x38.jpg 300w\" sizes=\"(max-width: 400px) 100vw, 400px\" \/>\t\t\t\t\t\t\t\t\t\t\t\t\t\t\t<\/div>\n\t\t\t\t<\/div>\n\t\t\t\t\t<\/div>\n\t\t<\/div>\n\t\t\t\t<div class=\"elementor-column elementor-col-50 elementor-top-column elementor-element elementor-element-bfb8fed\" data-id=\"bfb8fed\" data-element_type=\"column\">\n\t\t\t<div class=\"elementor-widget-wrap elementor-element-populated\">\n\t\t\t\t\t\t<div class=\"elementor-element elementor-element-6c5290d elementor-widget elementor-widget-spacer\" data-id=\"6c5290d\" data-element_type=\"widget\" data-widget_type=\"spacer.default\">\n\t\t\t\t<div class=\"elementor-widget-container\">\n\t\t\t\t\t\t\t<div class=\"elementor-spacer\">\n\t\t\t<div class=\"elementor-spacer-inner\"><\/div>\n\t\t<\/div>\n\t\t\t\t\t\t<\/div>\n\t\t\t\t<\/div>\n\t\t\t\t<div class=\"elementor-element elementor-element-28a978c elementor-widget elementor-widget-image\" data-id=\"28a978c\" data-element_type=\"widget\" data-widget_type=\"image.default\">\n\t\t\t\t<div class=\"elementor-widget-container\">\n\t\t\t\t\t\t\t\t\t\t\t\t\t\t\t<img loading=\"lazy\" decoding=\"async\" width=\"400\" height=\"250\" src=\"https:\/\/www.freedom-mu.com\/wp-content\/uploads\/2022\/11\/Boitier-accessoires.jpg\" class=\"attachment-large size-large wp-image-166\" alt=\"Bo\u00eetier central et accessoires\" srcset=\"https:\/\/www.freedom-mu.com\/wp-content\/uploads\/2022\/11\/Boitier-accessoires.jpg 400w, https:\/\/www.freedom-mu.com\/wp-content\/uploads\/2022\/11\/Boitier-accessoires-300x188.jpg 300w\" sizes=\"(max-width: 400px) 100vw, 400px\" \/>\t\t\t\t\t\t\t\t\t\t\t\t\t\t\t<\/div>\n\t\t\t\t<\/div>\n\t\t\t\t<section class=\"elementor-section elementor-inner-section elementor-element elementor-element-129cdb7 elementor-section-boxed elementor-section-height-default elementor-section-height-default\" data-id=\"129cdb7\" data-element_type=\"section\">\n\t\t\t\t\t\t<div class=\"elementor-container elementor-column-gap-default\">\n\t\t\t\t\t<div class=\"elementor-column elementor-col-50 elementor-inner-column elementor-element elementor-element-9eef2eb\" data-id=\"9eef2eb\" data-element_type=\"column\">\n\t\t\t<div class=\"elementor-widget-wrap elementor-element-populated\">\n\t\t\t\t\t\t<div class=\"elementor-element elementor-element-4d96666 elementor-widget elementor-widget-image\" data-id=\"4d96666\" data-element_type=\"widget\" data-widget_type=\"image.default\">\n\t\t\t\t<div class=\"elementor-widget-container\">\n\t\t\t\t\t\t\t\t\t\t\t\t\t\t\t<img loading=\"lazy\" decoding=\"async\" width=\"150\" height=\"150\" src=\"https:\/\/www.freedom-mu.com\/wp-content\/uploads\/2022\/11\/Icone-150-coeur-150x150.jpg\" class=\"attachment-thumbnail size-thumbnail wp-image-576\" alt=\"Ic\u00f4ne coeur, notre recommandation\" \/>\t\t\t\t\t\t\t\t\t\t\t\t\t\t\t<\/div>\n\t\t\t\t<\/div>\n\t\t\t\t\t<\/div>\n\t\t<\/div>\n\t\t\t\t<div class=\"elementor-column elementor-col-50 elementor-inner-column elementor-element elementor-element-9419722\" data-id=\"9419722\" data-element_type=\"column\">\n\t\t\t<div class=\"elementor-widget-wrap elementor-element-populated\">\n\t\t\t\t\t\t<div class=\"elementor-element elementor-element-eaf50b5 elementor-widget elementor-widget-text-editor\" data-id=\"eaf50b5\" data-element_type=\"widget\" data-widget_type=\"text-editor.default\">\n\t\t\t\t<div class=\"elementor-widget-container\">\n\t\t\t\t\t\t\t\t\t<p><strong>Notre recommandation<\/strong><\/p>\t\t\t\t\t\t\t\t<\/div>\n\t\t\t\t<\/div>\n\t\t\t\t\t<\/div>\n\t\t<\/div>\n\t\t\t\t\t<\/div>\n\t\t<\/section>\n\t\t\t\t\t<\/div>\n\t\t<\/div>\n\t\t\t\t\t<\/div>\n\t\t<\/section>\n\t\t\t\t<section class=\"elementor-section elementor-top-section elementor-element elementor-element-5c466b9 elementor-section-boxed elementor-section-height-default elementor-section-height-default\" data-id=\"5c466b9\" data-element_type=\"section\">\n\t\t\t\t\t\t<div class=\"elementor-container elementor-column-gap-default\">\n\t\t\t\t\t<div class=\"elementor-column elementor-col-50 elementor-top-column elementor-element elementor-element-faaf292\" data-id=\"faaf292\" data-element_type=\"column\">\n\t\t\t<div class=\"elementor-widget-wrap elementor-element-populated\">\n\t\t\t\t\t\t<div class=\"elementor-element elementor-element-3d2ebe7 elementor-widget elementor-widget-spacer\" data-id=\"3d2ebe7\" data-element_type=\"widget\" data-widget_type=\"spacer.default\">\n\t\t\t\t<div class=\"elementor-widget-container\">\n\t\t\t\t\t\t\t<div class=\"elementor-spacer\">\n\t\t\t<div class=\"elementor-spacer-inner\"><\/div>\n\t\t<\/div>\n\t\t\t\t\t\t<\/div>\n\t\t\t\t<\/div>\n\t\t\t\t<div class=\"elementor-element elementor-element-e2d1673 elementor-widget elementor-widget-image\" data-id=\"e2d1673\" data-element_type=\"widget\" data-widget_type=\"image.default\">\n\t\t\t\t<div class=\"elementor-widget-container\">\n\t\t\t\t\t\t\t\t\t\t\t\t\t\t\t<img loading=\"lazy\" decoding=\"async\" width=\"400\" height=\"250\" src=\"https:\/\/www.freedom-mu.com\/wp-content\/uploads\/2022\/11\/Boitier-accessoires.jpg\" class=\"attachment-large size-large wp-image-166\" alt=\"Bo\u00eetier central et accessoires\" srcset=\"https:\/\/www.freedom-mu.com\/wp-content\/uploads\/2022\/11\/Boitier-accessoires.jpg 400w, https:\/\/www.freedom-mu.com\/wp-content\/uploads\/2022\/11\/Boitier-accessoires-300x188.jpg 300w\" sizes=\"(max-width: 400px) 100vw, 400px\" \/>\t\t\t\t\t\t\t\t\t\t\t\t\t\t\t<\/div>\n\t\t\t\t<\/div>\n\t\t\t\t<div class=\"elementor-element elementor-element-ae0de6b elementor-widget elementor-widget-text-editor\" data-id=\"ae0de6b\" data-element_type=\"widget\" data-widget_type=\"text-editor.default\">\n\t\t\t\t<div class=\"elementor-widget-container\">\n\t\t\t\t\t\t\t\t\t<h3>System piloted by artificial intelligence<\/h3><ul><li>Along the days, the system registers &amp; analyzes your routine patterns<\/li><li>It can thus detect any abnormality<\/li><\/ul>\t\t\t\t\t\t\t\t<\/div>\n\t\t\t\t<\/div>\n\t\t\t\t\t<\/div>\n\t\t<\/div>\n\t\t\t\t<div class=\"elementor-column elementor-col-50 elementor-top-column elementor-element elementor-element-574dc5c\" data-id=\"574dc5c\" data-element_type=\"column\">\n\t\t\t<div class=\"elementor-widget-wrap elementor-element-populated\">\n\t\t\t\t\t\t<div class=\"elementor-element elementor-element-1ba6737 elementor-widget elementor-widget-heading\" data-id=\"1ba6737\" data-element_type=\"widget\" data-widget_type=\"heading.default\">\n\t\t\t\t<div class=\"elementor-widget-container\">\n\t\t\t\t\t<h2 class=\"elementor-heading-title elementor-size-default\">The Freedom 360\u00b0 kit includes<\/h2>\t\t\t\t<\/div>\n\t\t\t\t<\/div>\n\t\t\t\t<section class=\"elementor-section elementor-inner-section elementor-element elementor-element-4e12311 elementor-section-boxed elementor-section-height-default elementor-section-height-default\" data-id=\"4e12311\" data-element_type=\"section\">\n\t\t\t\t\t\t<div class=\"elementor-container elementor-column-gap-default\">\n\t\t\t\t\t<div class=\"elementor-column elementor-col-50 elementor-inner-column elementor-element elementor-element-3679196\" data-id=\"3679196\" data-element_type=\"column\">\n\t\t\t<div class=\"elementor-widget-wrap elementor-element-populated\">\n\t\t\t\t\t\t<div class=\"elementor-element elementor-element-696a300 elementor-widget elementor-widget-text-editor\" data-id=\"696a300\" data-element_type=\"widget\" data-widget_type=\"text-editor.default\">\n\t\t\t\t<div class=\"elementor-widget-container\">\n\t\t\t\t\t\t\t\t\t<h3>Panic button<\/h3><ul><li><strong>Range: 300m<\/strong><\/li><li><strong>100% waterproof <\/strong><\/li><li><strong>Battery life<\/strong>: 5 years<br \/>We replace it preventively thanks to our remote monitoring system.<\/li><\/ul><h3>Door detector<\/h3><p>Placed on your door, d\u00e9tecte une sortie inhabituelle la nuit ou un non retour le jour<\/p>\t\t\t\t\t\t\t\t<\/div>\n\t\t\t\t<\/div>\n\t\t\t\t\t<\/div>\n\t\t<\/div>\n\t\t\t\t<div class=\"elementor-column elementor-col-50 elementor-inner-column elementor-element elementor-element-a6d9014\" data-id=\"a6d9014\" data-element_type=\"column\">\n\t\t\t<div class=\"elementor-widget-wrap elementor-element-populated\">\n\t\t\t\t\t\t<div class=\"elementor-element elementor-element-383da46 elementor-widget elementor-widget-text-editor\" data-id=\"383da46\" data-element_type=\"widget\" data-widget_type=\"text-editor.default\">\n\t\t\t\t<div class=\"elementor-widget-container\">\n\t\t\t\t\t\t\t\t\t<h3>Presence detectors<\/h3><ul><li><strong>1 under the mattress<\/strong><br \/>Can detect a fall at night, or failure to return to bed during the night<\/li><\/ul><ul><li><strong>4 dispatched in the house<\/strong><\/li><\/ul><h3>\u00a0<\/h3><h3>Central unit<\/h3><ul><li>Commands the system via Bluetooh technology.<\/li><li>Safety features: built-in battery to remain safe even without electricity for up de 24 hours.<\/li><li>Saves energy: 5-year battery<\/li><\/ul>\t\t\t\t\t\t\t\t<\/div>\n\t\t\t\t<\/div>\n\t\t\t\t\t<\/div>\n\t\t<\/div>\n\t\t\t\t\t<\/div>\n\t\t<\/section>\n\t\t\t\t\t<\/div>\n\t\t<\/div>\n\t\t\t\t\t<\/div>\n\t\t<\/section>\n\t\t\t\t<section class=\"elementor-section elementor-top-section elementor-element elementor-element-5312120 elementor-section-boxed elementor-section-height-default elementor-section-height-default\" data-id=\"5312120\" data-element_type=\"section\">\n\t\t\t\t\t\t<div class=\"elementor-container elementor-column-gap-default\">\n\t\t\t\t\t<div class=\"elementor-column elementor-col-50 elementor-top-column elementor-element elementor-element-62ae9c5\" data-id=\"62ae9c5\" data-element_type=\"column\">\n\t\t\t<div class=\"elementor-widget-wrap elementor-element-populated\">\n\t\t\t\t\t\t<div class=\"elementor-element elementor-element-12ed3b5 elementor-widget elementor-widget-spacer\" data-id=\"12ed3b5\" data-element_type=\"widget\" data-widget_type=\"spacer.default\">\n\t\t\t\t<div class=\"elementor-widget-container\">\n\t\t\t\t\t\t\t<div class=\"elementor-spacer\">\n\t\t\t<div class=\"elementor-spacer-inner\"><\/div>\n\t\t<\/div>\n\t\t\t\t\t\t<\/div>\n\t\t\t\t<\/div>\n\t\t\t\t<div class=\"elementor-element elementor-element-5c2b11e elementor-widget elementor-widget-text-editor\" data-id=\"5c2b11e\" data-element_type=\"widget\" data-widget_type=\"text-editor.default\">\n\t\t\t\t<div class=\"elementor-widget-container\">\n\t\t\t\t\t\t\t\t\t<h4>Check also our Freedom alternatives<\/h4>\t\t\t\t\t\t\t\t<\/div>\n\t\t\t\t<\/div>\n\t\t\t\t<section class=\"elementor-section elementor-inner-section elementor-element elementor-element-9e209d2 elementor-section-boxed elementor-section-height-default elementor-section-height-default\" data-id=\"9e209d2\" data-element_type=\"section\">\n\t\t\t\t\t\t<div class=\"elementor-container elementor-column-gap-default\">\n\t\t\t\t\t<div class=\"elementor-column elementor-col-50 elementor-inner-column elementor-element elementor-element-4a909cd\" data-id=\"4a909cd\" data-element_type=\"column\">\n\t\t\t<div class=\"elementor-widget-wrap elementor-element-populated\">\n\t\t\t\t\t\t<div class=\"elementor-element elementor-element-04f9343 elementor-widget elementor-widget-image\" data-id=\"04f9343\" data-element_type=\"widget\" data-widget_type=\"image.default\">\n\t\t\t\t<div class=\"elementor-widget-container\">\n\t\t\t\t\t\t\t\t\t\t\t\t\t\t\t\t<a href=\"\/index.php\/freedom-home-start\/\">\n\t\t\t\t\t\t\t<img loading=\"lazy\" decoding=\"async\" width=\"200\" height=\"200\" src=\"https:\/\/www.freedom-mu.com\/wp-content\/uploads\/2022\/11\/200X200-Freedom-home-START.jpg\" class=\"attachment-large size-large wp-image-623\" alt=\"Freedom Home Start Kit with panic button\" srcset=\"https:\/\/www.freedom-mu.com\/wp-content\/uploads\/2022\/11\/200X200-Freedom-home-START.jpg 200w, https:\/\/www.freedom-mu.com\/wp-content\/uploads\/2022\/11\/200X200-Freedom-home-START-150x150.jpg 150w\" sizes=\"(max-width: 200px) 100vw, 200px\" \/>\t\t\t\t\t\t\t\t<\/a>\n\t\t\t\t\t\t\t\t\t\t\t\t\t\t\t<\/div>\n\t\t\t\t<\/div>\n\t\t\t\t\t<\/div>\n\t\t<\/div>\n\t\t\t\t<div class=\"elementor-column elementor-col-50 elementor-inner-column elementor-element elementor-element-53256fb\" data-id=\"53256fb\" data-element_type=\"column\">\n\t\t\t<div class=\"elementor-widget-wrap elementor-element-populated\">\n\t\t\t\t\t\t<div class=\"elementor-element elementor-element-bb543b5 elementor-widget elementor-widget-image\" data-id=\"bb543b5\" data-element_type=\"widget\" data-widget_type=\"image.default\">\n\t\t\t\t<div class=\"elementor-widget-container\">\n\t\t\t\t\t\t\t\t\t\t\t\t\t\t\t\t<a href=\"\/index.php\/freedom-home-360\/\">\n\t\t\t\t\t\t\t<img loading=\"lazy\" decoding=\"async\" width=\"200\" height=\"200\" src=\"https:\/\/www.freedom-mu.com\/wp-content\/uploads\/2022\/11\/200x200-Freedom-home-360.jpg\" class=\"attachment-large size-large wp-image-624\" alt=\"Freedom Home 360\u00b0 full protection for seniors at home\" srcset=\"https:\/\/www.freedom-mu.com\/wp-content\/uploads\/2022\/11\/200x200-Freedom-home-360.jpg 200w, https:\/\/www.freedom-mu.com\/wp-content\/uploads\/2022\/11\/200x200-Freedom-home-360-150x150.jpg 150w\" sizes=\"(max-width: 200px) 100vw, 200px\" \/>\t\t\t\t\t\t\t\t<\/a>\n\t\t\t\t\t\t\t\t\t\t\t\t\t\t\t<\/div>\n\t\t\t\t<\/div>\n\t\t\t\t\t<\/div>\n\t\t<\/div>\n\t\t\t\t\t<\/div>\n\t\t<\/section>\n\t\t\t\t<div class=\"elementor-element elementor-element-455683e elementor-widget elementor-widget-image\" data-id=\"455683e\" data-element_type=\"widget\" data-widget_type=\"image.default\">\n\t\t\t\t<div class=\"elementor-widget-container\">\n\t\t\t\t\t\t\t\t\t\t\t\t\t\t\t\t<a href=\"\/index.php\/freedom-mobility\/\">\n\t\t\t\t\t\t\t<img loading=\"lazy\" decoding=\"async\" width=\"200\" height=\"200\" src=\"https:\/\/www.freedom-mu.com\/wp-content\/uploads\/2022\/11\/200x200-Freedom-Mobility.jpg\" class=\"attachment-large size-large wp-image-626\" alt=\"Freedom Mobility an offer of safety with a connected watch\" srcset=\"https:\/\/www.freedom-mu.com\/wp-content\/uploads\/2022\/11\/200x200-Freedom-Mobility.jpg 200w, https:\/\/www.freedom-mu.com\/wp-content\/uploads\/2022\/11\/200x200-Freedom-Mobility-150x150.jpg 150w\" sizes=\"(max-width: 200px) 100vw, 200px\" \/>\t\t\t\t\t\t\t\t<\/a>\n\t\t\t\t\t\t\t\t\t\t\t\t\t\t\t<\/div>\n\t\t\t\t<\/div>\n\t\t\t\t\t<\/div>\n\t\t<\/div>\n\t\t\t\t<div class=\"elementor-column elementor-col-50 elementor-top-column elementor-element elementor-element-6490db3\" data-id=\"6490db3\" data-element_type=\"column\">\n\t\t\t<div class=\"elementor-widget-wrap elementor-element-populated\">\n\t\t\t\t\t\t<div class=\"elementor-element elementor-element-30924a2 elementor-widget elementor-widget-spacer\" data-id=\"30924a2\" data-element_type=\"widget\" data-widget_type=\"spacer.default\">\n\t\t\t\t<div class=\"elementor-widget-container\">\n\t\t\t\t\t\t\t<div class=\"elementor-spacer\">\n\t\t\t<div class=\"elementor-spacer-inner\"><\/div>\n\t\t<\/div>\n\t\t\t\t\t\t<\/div>\n\t\t\t\t<\/div>\n\t\t\t\t<div class=\"elementor-element elementor-element-722858b elementor-widget elementor-widget-text-editor\" data-id=\"722858b\" data-element_type=\"widget\" data-widget_type=\"text-editor.default\">\n\t\t\t\t<div class=\"elementor-widget-container\">\n\t\t\t\t\t\t\t\t\t<p>Pour plus d&#8217;information, <a href=\"\/contact\/\" target=\"_blank\" rel=\"noopener\">contactez-nous<\/a> <br \/>ou appelez-nous directement<\/p>\t\t\t\t\t\t\t\t<\/div>\n\t\t\t\t<\/div>\n\t\t\t\t<div class=\"elementor-element elementor-element-ee7627d elementor-widget elementor-widget-image\" data-id=\"ee7627d\" data-element_type=\"widget\" data-widget_type=\"image.default\">\n\t\t\t\t<div class=\"elementor-widget-container\">\n\t\t\t\t\t\t\t\t\t\t\t\t\t\t\t<img loading=\"lazy\" decoding=\"async\" width=\"200\" height=\"200\" src=\"https:\/\/www.freedom-mu.com\/wp-content\/uploads\/2022\/11\/Bulle-Contact.jpg\" class=\"attachment-large size-large wp-image-176\" alt=\"Contact Freedom Mauritius\" srcset=\"https:\/\/www.freedom-mu.com\/wp-content\/uploads\/2022\/11\/Bulle-Contact.jpg 200w, https:\/\/www.freedom-mu.com\/wp-content\/uploads\/2022\/11\/Bulle-Contact-150x150.jpg 150w\" sizes=\"(max-width: 200px) 100vw, 200px\" \/>\t\t\t\t\t\t\t\t\t\t\t\t\t\t\t<\/div>\n\t\t\t\t<\/div>\n\t\t\t\t\t<\/div>\n\t\t<\/div>\n\t\t\t\t\t<\/div>\n\t\t<\/section>\n\t\t\t\t<\/div>\n\t\t","protected":false},"excerpt":{"rendered":"<p>Freedom Home 360\u00b0 The intelligent alert system Automatically detects any fall NIGHT AND DAY protection Ce kit comprend: L&#8217;unit\u00e9 centrale Bluetooth Le kit START avec bracelet d&#8217;alarme Le Kit NIGHT avec d\u00e9tecteur matelas 3 d\u00e9tecteurs suppl\u00e9mentairesminimum dans la maison, aux endroits strat\u00e9giques (salle de bain par exemple) 1 d\u00e9tecteur sur la porte D\u00e9tecte une sortie [&hellip;]<\/p>\n","protected":false},"author":1,"featured_media":0,"parent":0,"menu_order":0,"comment_status":"closed","ping_status":"closed","template":"","meta":{"footnotes":""},"class_list":["post-569","page","type-page","status-publish","hentry"],"_links":{"self":[{"href":"https:\/\/www.freedom-mu.com\/index.php\/wp-json\/wp\/v2\/pages\/569","targetHints":{"allow":["GET"]}}],"collection":[{"href":"https:\/\/www.freedom-mu.com\/index.php\/wp-json\/wp\/v2\/pages"}],"about":[{"href":"https:\/\/www.freedom-mu.com\/index.php\/wp-json\/wp\/v2\/types\/page"}],"author":[{"embeddable":true,"href":"https:\/\/www.freedom-mu.com\/index.php\/wp-json\/wp\/v2\/users\/1"}],"replies":[{"embeddable":true,"href":"https:\/\/www.freedom-mu.com\/index.php\/wp-json\/wp\/v2\/comments?post=569"}],"version-history":[{"count":19,"href":"https:\/\/www.freedom-mu.com\/index.php\/wp-json\/wp\/v2\/pages\/569\/revisions"}],"predecessor-version":[{"id":717,"href":"https:\/\/www.freedom-mu.com\/index.php\/wp-json\/wp\/v2\/pages\/569\/revisions\/717"}],"wp:attachment":[{"href":"https:\/\/www.freedom-mu.com\/index.php\/wp-json\/wp\/v2\/media?parent=569"}],"curies":[{"name":"wp","href":"https:\/\/api.w.org\/{rel}","templated":true}]}}